{"id":1208,"date":"2023-01-26T07:58:45","date_gmt":"2023-01-26T07:58:45","guid":{"rendered":"http:\/\/agderma.de\/?page_id=1208"},"modified":"2025-03-15T15:49:45","modified_gmt":"2025-03-15T15:49:45","slug":"la-plastica-provoca-il-cambiamento-climatico","status":"publish","type":"page","link":"https:\/\/agderma.de\/it\/themen\/plastik-verursacht-klimawandel\/","title":{"rendered":"La plastica causa il cambiamento climatico"},"content":{"rendered":"<div data-elementor-type=\"wp-page\" data-elementor-id=\"1208\" class=\"elementor elementor-1208\" data-elementor-post-type=\"page\">\n\t\t\t\t<div class=\"elementor-element elementor-element-3d478ea e-flex e-con-boxed e-con e-parent\" data-id=\"3d478ea\" data-element_type=\"container\" data-e-type=\"container\" data-settings=\"{&quot;background_background&quot;:&quot;classic&quot;}\">\n\t\t\t\t\t<div class=\"e-con-inner\">\n\t\t\t\t<div class=\"elementor-element elementor-element-3d3f871 elementor-widget elementor-widget-heading\" data-id=\"3d3f871\" data-element_type=\"widget\" data-e-type=\"widget\" data-widget_type=\"heading.default\">\n\t\t\t\t<div class=\"elementor-widget-container\">\n\t\t\t\t\t<h1 class=\"elementor-heading-title elementor-size-default\">La plastica causa il cambiamento climatico<\/h1>\t\t\t\t<\/div>\n\t\t\t\t<\/div>\n\t\t\t\t\t<\/div>\n\t\t\t\t<\/div>\n\t\t<div class=\"elementor-element elementor-element-2179231 e-flex e-con-boxed e-con e-parent\" data-id=\"2179231\" data-element_type=\"container\" data-e-type=\"container\">\n\t\t\t\t\t<div class=\"e-con-inner\">\n\t\t\t\t<div class=\"elementor-element elementor-element-3c12a81 elementor-widget elementor-widget-text-editor\" data-id=\"3c12a81\" data-element_type=\"widget\" data-e-type=\"widget\" data-widget_type=\"text-editor.default\">\n\t\t\t\t<div class=\"elementor-widget-container\">\n\t\t\t\t\t\t\t\t\t<p>La plastica \u00e8 una materia prima a base di petrolio e quindi creata artificialmente, per la quale attualmente si consumano in tutto il mondo circa 16 % di petrolio greggio e gas naturale al giorno.\u00a0<a href=\"https:\/\/www.boell.de\/de\/plastikatlas\" target=\"_blank\" rel=\"noreferrer noopener\">La Fondazione Heinrich B\u00f6ll<\/a> stima che l'anidride carbonica (CO\u2082) abbia causato emissioni per 1.781 milioni di tonnellate solo nel 2015. La produzione globale di plastica rappresenta 10-13 % del budget totale di CO\u2082 che pu\u00f2 essere consumato come massimo per limitare il riscaldamento globale causato dall'uomo a 1,5 gradi.<\/p><h3>CO\u2082 e l'oceano<\/h3><p>Ogni anno, in tutto il mondo, vengono prodotti circa 400 milioni di tonnellate di plastica di varie composizioni. Secondo le stime, circa un terzo di questa quantit\u00e0 viene smaltita nell'ambiente. Una gran parte finisce nell'oceano, formando 5 grandi vortici di plastica.\u00a0<a href=\"https:\/\/www.zeit.de\/wissen\/umwelt\/2018-03\/umweltverschmutzung-ozeane-muellstrudel-plastikmuell\" target=\"_blank\" rel=\"noreferrer noopener\">1,6 chilometri quadrati di diametro (al 2018)<\/a><\/p><p>Si presume che la quantit\u00e0 crescente di\u00a0<a href=\"https:\/\/www.ciel.org\/wp-content\/uploads\/2019\/05\/Plastic-and-Climate-Executive-Summary-2019.pdf\" target=\"_blank\" rel=\"noreferrer noopener\">Le microplastiche negli oceani, create dal decadimento della plastica, disturbano i processi biologici.<\/a>con l'aiuto del quale il plancton sulla superficie del mare lega la CO2 attraverso la fotosintesi. Questo processo, chiamato pompa biologica del carbonio, \u00e8 di importanza centrale per il ruolo dell'oceano come cosiddetto serbatoio di carbonio e contribuisce in modo significativo alla stabilit\u00e0 del clima terrestre.<\/p><p>Attraverso i processi di morte naturale, il plancton secerne nuovamente la CO2 quando affonda sul fondo marino. L'effetto in parte altamente tossico delle microplastiche porta al\u00a0<a href=\"https:\/\/www.oceaneye.ch\/de\/problematique\/plastique-en-mer\/\" target=\"_blank\" rel=\"noreferrer noopener\">aumento della mortalit\u00e0<\/a> del plancton e quindi a un maggiore rilascio di CO2 nell'atmosfera.<\/p><p>Attualmente, pi\u00f9 della met\u00e0 della CO2 prodotta annualmente dall'uomo \u00e8 immagazzinata nell'oceano. Le dichiarazioni sulla quantit\u00e0 e su come lo stoccaggio potrebbe cambiare in futuro sono oggetto di ricerca.<\/p><h3>La decomposizione della plastica provoca metano<\/h3><p><a href=\"https:\/\/journals.plos.org\/plosone\/article?id=10.1371\/journal.pone.0200574\" target=\"_blank\" rel=\"noreferrer noopener\">Secondo uno studio dell'agosto 2018 dell'Universit\u00e0 delle Hawaii<\/a>\u00a0La luce UV favorisce la decomposizione della plastica nell'ambiente, rilasciando metano ed etilene.\u00a0<a href=\"https:\/\/www.mpg.de\/405362\/forschungsSchwerpunkt\" target=\"_blank\" rel=\"noreferrer noopener\">Metano<\/a> (CH4) \u00e8 uno dei gas serra pi\u00f9 importanti ed \u00e8 21 volte pi\u00f9 efficace della CO\u2082.<\/p><p class=\"font_8\"><span class=\"color_26\">Gli studi su diversi tipi di plastica hanno dimostrato che la maggior parte del metano viene rilasciato dalle particelle di plastica di\u00a0<a href=\"https:\/\/en.wikipedia.org\/wiki\/Low-density_polyethylene\" target=\"_blank\" rel=\"noreferrer noopener\">Polietilene a bassa densit\u00e0 (LDPE)<\/a>Una variante del\u00a0<a href=\"https:\/\/echa.europa.eu\/legislation-obligation\/-\/obligations\/100.121.698\" target=\"_blank\" rel=\"noreferrer noopener\">Polietilene<\/a>\u00a0(PE), \u00e8 stato prodotto. Le emissioni di metano sono aumentate quanto pi\u00f9 a lungo le particelle di plastica sono state irradiate dalla luce UV. A quanto pare, la luce UV agisce come un catalizzatore, in quanto la produzione di metano, una volta innescata, non richiede pi\u00f9 la luce UV per continuare.<\/span><\/p><p class=\"font_8\"><span class=\"color_26\">LDPE e PE \u00e8 il materiale pi\u00f9 comunemente prodotto al mondo e viene utilizzato, tra l'altro, in flaconi dispenser, bottiglie di lavaggio, tubi, sacchetti di plastica, superfici di lavoro e teli di plastica.<\/span><\/p><p>Il riciclo e la riduzione della produzione di plastica rappresentano un obiettivo importante a livello mondiale per risparmiare le emissioni dei gas serra antropogenici CO\u2082 e metano.<\/p><p><strong>Ulteriori link:<\/strong><\/p><ul><li><a href=\"https:\/\/www.ciel.org\/wp-content\/uploads\/2019\/05\/Plastic-and-Climate-Executive-Summary-2019.pdf\" target=\"_blank\" rel=\"noreferrer noopener\">Plastica e clima: I costi nascosti di un pianeta di plastica<\/a><\/li><\/ul>\t\t\t\t\t\t\t\t<\/div>\n\t\t\t\t<\/div>\n\t\t\t\t<div class=\"elementor-element elementor-element-5361cbc elementor-widget elementor-widget-toggle\" data-id=\"5361cbc\" data-element_type=\"widget\" data-e-type=\"widget\" data-widget_type=\"toggle.default\">\n\t\t\t\t<div class=\"elementor-widget-container\">\n\t\t\t\t\t\t\t<div class=\"elementor-toggle\">\n\t\t\t\t\t\t\t<div class=\"elementor-toggle-item\">\n\t\t\t\t\t<div id=\"elementor-tab-title-8741\" class=\"elementor-tab-title\" data-tab=\"1\" role=\"button\" aria-controls=\"elementor-tab-content-8741\" aria-expanded=\"false\">\n\t\t\t\t\t\t\t\t\t\t\t\t<span class=\"elementor-toggle-icon elementor-toggle-icon-left\" aria-hidden=\"true\">\n\t\t\t\t\t\t\t\t\t\t\t\t\t\t\t<span class=\"elementor-toggle-icon-closed\"><i class=\"fas fa-caret-right\"><\/i><\/span>\n\t\t\t\t\t\t\t\t<span class=\"elementor-toggle-icon-opened\"><i class=\"elementor-toggle-icon-opened fas fa-caret-up\"><\/i><\/span>\n\t\t\t\t\t\t\t\t\t\t\t\t\t<\/span>\n\t\t\t\t\t\t\t\t\t\t\t\t<a class=\"elementor-toggle-title\" tabindex=\"0\">Riferimenti e informazioni legali<\/a>\n\t\t\t\t\t<\/div>\n\n\t\t\t\t\t<div id=\"elementor-tab-content-8741\" class=\"elementor-tab-content elementor-clearfix\" data-tab=\"1\" role=\"region\" aria-labelledby=\"elementor-tab-title-8741\"><p>\u00a9 Dr. med. Dipl. Biol. Susanne Saha 05\/2021<\/p><\/div>\n\t\t\t\t<\/div>\n\t\t\t\t\t\t\t\t<\/div>\n\t\t\t\t\t\t<\/div>\n\t\t\t\t<\/div>\n\t\t\t\t\t<\/div>\n\t\t\t\t<\/div>\n\t\t\t\t<\/div>","protected":false},"excerpt":{"rendered":"<p>Plastik ist ein petrobasierter und damit k\u00fcnstlich geschaffener Rohstoff, f\u00fcr den aktuell weltweit t\u00e4glich ca. 16 % Erd\u00f6l- und Erdgas verbraucht werden.\u00a0Die Heinrich-B\u00f6ll-Stiftung sch\u00e4tzt, dass durch Kohlendioxid (CO\u2082) allein 2015 Emissionen in H\u00f6he von 1.781 Mio. Tonnen verursacht wurden. Die weltweite Kunststoffproduktion macht 10-13 % des gesamten CO\u2082-Budgets aus, das maximal verbraucht werden darf, um [&hellip;]<\/p>\n","protected":false},"author":1,"featured_media":0,"parent":1142,"menu_order":0,"comment_status":"closed","ping_status":"closed","template":"","meta":{"_acf_changed":false,"footnotes":""},"class_list":["post-1208","page","type-page","status-publish","hentry"],"acf":[],"_links":{"self":[{"href":"https:\/\/agderma.de\/it\/wp-json\/wp\/v2\/pages\/1208","targetHints":{"allow":["GET"]}}],"collection":[{"href":"https:\/\/agderma.de\/it\/wp-json\/wp\/v2\/pages"}],"about":[{"href":"https:\/\/agderma.de\/it\/wp-json\/wp\/v2\/types\/page"}],"author":[{"embeddable":true,"href":"https:\/\/agderma.de\/it\/wp-json\/wp\/v2\/users\/1"}],"replies":[{"embeddable":true,"href":"https:\/\/agderma.de\/it\/wp-json\/wp\/v2\/comments?post=1208"}],"version-history":[{"count":7,"href":"https:\/\/agderma.de\/it\/wp-json\/wp\/v2\/pages\/1208\/revisions"}],"predecessor-version":[{"id":5634,"href":"https:\/\/agderma.de\/it\/wp-json\/wp\/v2\/pages\/1208\/revisions\/5634"}],"up":[{"embeddable":true,"href":"https:\/\/agderma.de\/it\/wp-json\/wp\/v2\/pages\/1142"}],"wp:attachment":[{"href":"https:\/\/agderma.de\/it\/wp-json\/wp\/v2\/media?parent=1208"}],"curies":[{"name":"wp","href":"https:\/\/api.w.org\/{rel}","templated":true}]}}