{"id":1220,"date":"2023-01-26T23:05:11","date_gmt":"2023-01-26T23:05:11","guid":{"rendered":"http:\/\/agderma.de\/?page_id=1220"},"modified":"2024-03-01T07:18:57","modified_gmt":"2024-03-01T07:18:57","slug":"problema-causato-dalle-creme-di-protezione-solare","status":"publish","type":"page","link":"https:\/\/agderma.de\/it\/themen\/problem-durch-sonnenschutzcremes\/","title":{"rendered":"Problema dovuto alle creme solari"},"content":{"rendered":"<div data-elementor-type=\"wp-page\" data-elementor-id=\"1220\" class=\"elementor elementor-1220\" data-elementor-post-type=\"page\">\n\t\t\t\t<div class=\"elementor-element elementor-element-3d478ea e-flex e-con-boxed e-con e-parent\" data-id=\"3d478ea\" data-element_type=\"container\" data-e-type=\"container\" data-settings=\"{&quot;background_background&quot;:&quot;classic&quot;}\">\n\t\t\t\t\t<div class=\"e-con-inner\">\n\t\t\t\t<div class=\"elementor-element elementor-element-3d3f871 elementor-widget elementor-widget-heading\" data-id=\"3d3f871\" data-element_type=\"widget\" data-e-type=\"widget\" data-widget_type=\"heading.default\">\n\t\t\t\t<div class=\"elementor-widget-container\">\n\t\t\t\t\t<h1 class=\"elementor-heading-title elementor-size-default\">Problema dovuto alle creme solari<\/h1>\t\t\t\t<\/div>\n\t\t\t\t<\/div>\n\t\t\t\t\t<\/div>\n\t\t\t\t<\/div>\n\t\t<div class=\"elementor-element elementor-element-2179231 e-flex e-con-boxed e-con e-parent\" data-id=\"2179231\" data-element_type=\"container\" data-e-type=\"container\">\n\t\t\t\t\t<div class=\"e-con-inner\">\n\t\t\t\t<div class=\"elementor-element elementor-element-3c12a81 elementor-widget elementor-widget-text-editor\" data-id=\"3c12a81\" data-element_type=\"widget\" data-e-type=\"widget\" data-widget_type=\"text-editor.default\">\n\t\t\t\t<div class=\"elementor-widget-container\">\n\t\t\t\t\t\t\t\t\t<p><em>Questo testo non \u00e8 assolutamente un invito ad astenersi in modo permanente dalla protezione solare attiva, ma tratta alcuni degli ingredienti delle creme solari. Le creme solari svolgono una funzione importante, proteggendo la barriera cutanea dai raggi UV e prevenendo cos\u00ec il cancro della pelle.<\/em><\/p><p>Fondamentalmente, si fa una distinzione tra due principi attivi nelle creme solari:<\/p><p><strong>1. creme solari con filtri UV minerali o fisici<br \/><\/strong>contengono sostanze come il biossido di titanio (TiO2) e l'ossido di zinco (ZnO). Queste aderiscono alla pelle quando vengono applicate e impediscono ai raggi UV di raggiungere la pelle attraverso la riflessione diffusa. Nel frattempo, queste sostanze vengono spesso aggiunte come nanoparticelle (nano biossido di titanio e nano ossido di zinco) per evitare un effetto sbiancante. Il <a href=\"https:\/\/eur-lex.europa.eu\/LexUriServ\/LexUriServ.do?uri=OJ:L:2012:167:0001:0123:DE:PDF\" target=\"_blank\" rel=\"noopener\">Ordinanza sui biocidi<\/a>\u00a0definisce i nanomateriali come \"particelle (...) in cui almeno il 50 percento delle particelle nella distribuzione numerica ha una o pi\u00f9 dimensioni nell'intervallo da 1 nm a 100 nm\".<\/p><p><a href=\"https:\/\/echa.europa.eu\/de\/brief-profile\/-\/briefprofile\/100.013.839\" target=\"_blank\" rel=\"noopener\"><strong>Ossido di zinco<\/strong><\/a><br \/>A\u00a0<a href=\"https:\/\/www.jidonline.org\/article\/S0022-202X(18)32655-1\/fulltext\" target=\"_blank\" rel=\"noopener\">Pubblicazione<\/a>\u00a0del 2018 non ha trovato alcuna permeabilit\u00e0 cutanea per le nanoparticelle di ossido di zinco idrofobe rivestite di silicone e non rivestite, con dimensioni di 65 e 77 nm.\u00a0<br \/>A\u00a0<a href=\"https:\/\/pubmed.ncbi.nlm.nih.gov\/21329043\/\" target=\"_blank\" rel=\"noopener\">Studio<\/a> ha concluso nel 2010, tuttavia, che l'assorbimento delle nanoparticelle attraverso la pelle \u00e8 influenzato dalla dimensione delle particelle e che questo dipende anche dallo stato di salute della pelle. L'ossido di zinco \u00e8 elencato nel database dell'ECHA come una sostanza molto <a href=\"https:\/\/echa.europa.eu\/de\/brief-profile\/-\/briefprofile\/100.013.839\" target=\"_blank\" rel=\"noopener\">tossicologico per le forme di vita acquatiche<\/a>\u00a0elencati.<\/p><p><strong><a href=\"https:\/\/echa.europa.eu\/de\/brief-profile\/-\/briefprofile\/100.033.327\" target=\"_blank\" rel=\"noopener\">Biossido di titanio<\/a><\/strong>\u00a0<br \/>Il\u00a0<a href=\"https:\/\/ec.europa.eu\/transparency\/regdoc\/rep\/3\/2019\/DE\/C-2019-7227-F1-DE-ANNEX-1-PART-1.PDF\" target=\"_blank\" rel=\"noopener\">Comitato scientifico per la sicurezza dei consumatori (SCCS)<\/a>\u00a0nota che l'uso di pigmenti <a href=\"https:\/\/echa.europa.eu\/de\/brief-profile\/-\/briefprofile\/100.033.327\" target=\"_blank\" rel=\"noopener\">Biossido di titanio<\/a> nei prodotti topici, a causa della situazione attuale dei dati e della possibile classificazione del biossido di titanio come cancerogeno di categoria 2 secondo il Regolamento CLP (<a href=\"https:\/\/ec.europa.eu\/health\/sites\/health\/files\/scientific_committees\/consumer_safety\/docs\/sccs_o_238.pdf\" target=\"_blank\" rel=\"noopener\">Inalazione<\/a>), non \u00e8 sicuro per i consumatori in generale se inalato. Nel database di\u00a0<a href=\"https:\/\/echa.europa.eu\/de\/brief-profile\/-\/briefprofile\/100.033.327\" target=\"_blank\" rel=\"noopener\">L'ECHA si occuper\u00e0 del biossido di titanio<\/a> elencata come possibile sostanza cancerogena.<\/p><p><em>Dall'11 luglio 2013 esiste un obbligo di etichettatura per le nanoparticelle nei cosmetici nell'UE. <\/em><\/p><p>Aggiornamento biossido di titanio 7 maggio 2021 Il biossido di titanio viene utilizzato anche come agente sbiancante negli alimenti (dolci, dentifricio, mozzarella, ecc.) e nei farmaci. Secondo un <a href=\"https:\/\/www.bfr.bund.de\/cm\/343\/faq-titandioxid-gibt-es-gesundheitliche-risiken.pdf\" target=\"_blank\" rel=\"noopener\">Pubblicazione dell'Istituto federale per la valutazione dei rischi (BfR) del 6 maggio 2021<\/a>\u00a0il suo utilizzo come additivo alimentare non \u00e8 considerato sicuro, in quanto esiste il sospetto che il biossido di titanio sia mutageno. In Francia, il biossido di titanio \u00e8 stato vietato negli alimenti dal 1\u00b0 gennaio 2020. \u00a0<\/p><p><strong>2. creme solari con filtri UV chimici<\/strong> <br \/>penetrano nella pelle. Contengono sostanze assorbenti che convertono l'energia dei raggi UV in luce infrarossa e la emettono nuovamente. Alcuni di questi filtri chimici UV sono fortemente sospettati di essere interferenti endocrini. Le seguenti sostanze e gruppi di sostanze sono attualmente al centro dell'attenzione\u00a0<a href=\"https:\/\/eur-lex.europa.eu\/LexUriServ\/LexUriServ.do?uri=OJ:L:2007:136:0003:0280:de:PDF\" target=\"_blank\" rel=\"noopener\">Commissione Europea<\/a>:<\/p><ul><li><a href=\"https:\/\/echa.europa.eu\/de\/brief-profile\/-\/briefprofile\/100.157.824\" target=\"_blank\" rel=\"noopener\">Ottinoxato<\/a><\/li><li>(Octyl methoxycinnamate (OMC) o 2-ethylhexyl-4-methoxycinnamate (EHMC))<\/li><li><a href=\"https:\/\/echa.europa.eu\/de\/brief-profile\/-\/briefprofile\/100.004.575\" target=\"_blank\" rel=\"noopener\">Ossibenzone<\/a>\u00a0(Benzofenone-3)\u00a0<\/li><li><a href=\"https:\/\/echa.europa.eu\/de\/brief-profile\/-\/briefprofile\/100.025.683\" target=\"_blank\" rel=\"noopener\">Octocrylene<\/a>\u00a0<\/li><li><a href=\"https:\/\/www.akdermaplastik.de\/parabens\" target=\"_blank\" rel=\"noopener\">Parabeni<\/a>\u00a0(<a href=\"https:\/\/echa.europa.eu\/de\/brief-profile\/-\/briefprofile\/100.002.532\" target=\"_blank\" rel=\"noopener\">Metilparabene<\/a>,\u00a0<a href=\"https:\/\/echa.europa.eu\/de\/brief-profile\/-\/briefprofile\/100.004.000\" target=\"_blank\" rel=\"noopener\">Parabene etilico<\/a>,\u00a0<a href=\"https:\/\/echa.europa.eu\/de\/brief-profile\/-\/briefprofile\/100.002.108\" target=\"_blank\" rel=\"noopener\">Parabene butilico<\/a>,\u00a0<a href=\"https:\/\/echa.europa.eu\/de\/brief-profile\/-\/briefprofile\/100.002.102\" target=\"_blank\" rel=\"noopener\">Benzyl paraben)<\/a>\u00a0<\/li><li><a href=\"https:\/\/echa.europa.eu\/de\/brief-profile\/-\/briefprofile\/100.002.102\" target=\"_blank\" rel=\"noopener\">Derivati della canfora<\/a> (4-metil-benzilidene)<\/li><\/ul><p>Questi filtri UV passano dal corpo <a href=\"https:\/\/www.sciencedirect.com\/science\/article\/abs\/pii\/S0048969718320242\" target=\"_blank\" rel=\"noopener\">nell'ambiente attraverso il contatto diretto<\/a>\u00a0con i corpi idrici o indirettamente attraverso gli impianti di trattamento delle acque reflue nel mare. Si accumulano nei corpi idrici, non sono biodegradabili e vengono sempre pi\u00f9 spesso\u00a0<a href=\"https:\/\/www.sciencedirect.com\/science\/article\/abs\/pii\/S0048969718347545\" target=\"_blank\" rel=\"noopener\">arricchito nella catena alimentare<\/a>. Sono dimostrabilmente\u00a0<a href=\"https:\/\/pubs.acs.org\/doi\/abs\/10.1021\/acs.est.6b05211\" target=\"_blank\" rel=\"noopener\">tossico per gli organismi acquatici<\/a> come i coralli.<\/p><p>Poich\u00e9 sono accusati di essere responsabili dello sbiancamento dei coralli in tutto il mondo, le creme solari contenenti i suddetti filtri UV sono state vietate a Palau a partire dal 2020 e, secondo l'Agenzia per i diritti dell'uomo, sono state vietate anche a Palau. <a href=\"https:\/\/trackbill.com\/bill\/hawaii-senate-bill-748-non-chemical-sunscreen-dispensers-department-of-land-and-natural-resources-state-beaches-appropriation\/2333872\/\" target=\"_blank\" rel=\"noopener\">Legge sulla barriera corallina delle Hawaii (SB 2571)<\/a> dal 01 gennaio 2021 vietato a Bonaire, a Key West in Florida, alle Isole Vergini Americane, alle Hawaii, in Thailandia e nella Penisola dello Yucatan \/ Messico.<\/p><p>La Commissione europea ha complessivamente un <a href=\"https:\/\/eur-lex.europa.eu\/legal-content\/DE\/TXT\/PDF\/?uri=CELEX:52018DC0739&amp;from=EN\" target=\"_blank\" rel=\"noopener\">Elenco di 28 sostanze<\/a>\u00a0per i quali si sospetta un effetto endocrino nell'uomo. In Europa, la valutazione dei pericoli per l'ambiente dei filtri UV nei cosmetici e in altri prodotti \u00e8 attualmente in corso nell'ambito del programma\u00a0<a href=\"https:\/\/eur-lex.europa.eu\/LexUriServ\/LexUriServ.do?uri=OJ:L:2007:136:0003:0280:de:PDF\" target=\"_blank\" rel=\"noopener\">Regolamento europeo REACH (CE n. 1907\/2006)<\/a>.<\/p><p>Il Laboratorio Ambientale Haereticus (USA) ha sviluppato il sistema di <a href=\"https:\/\/haereticus-lab.org\/protect-land-sea-certification-3\" target=\"_blank\" rel=\"noopener\">Certificazione Protect Land + Sea<\/a>\u00a0che certifica le creme solari sicure. Tra le altre cose, le creme solari non devono contenere microplastiche, nanoparticelle o\u00a0<a href=\"https:\/\/agderma.de\/it\/argomenti\/il-triclosan-e-una-sostanza-problematica\/\">Triclosan<\/a>\u00a0contenere.<\/p><p>In base alle conoscenze attuali, molte creme e spray solari presenti sul mercato continuano a contenere ossibenzone, octocrylene, ottinoxato e\u00a0<a href=\"https:\/\/agderma.de\/it\/argomenti\/cancro-al-seno-a-causa-dei-parabeni\/\">Parabeni<\/a>.<\/p><p>Come ulteriore collegamento, l'articolo del Prof. Peter e del Prof. Joachim Barth dall'Enciclopedia Altmeyer:\u00a0<a href=\"https:\/\/www.altmeyers.org\/de\/news\/vierzehntausend-tonnen-oder-wer-liebt-das-meer-28\" target=\"_blank\" rel=\"noopener\">Quattordicimila tonnellate o chi ama il mare?<\/a><\/p><p>Scarichi il nostro foglio informativo sulle creme solari per i suoi pazienti, a cura della dottoressa Christina Hecker. Pu\u00f2 trovare i fogli informativi <a href=\"https:\/\/agderma.de\/it\/opuscoli-informativi-per-i-pazienti\/\">qui<\/a>.<\/p>\t\t\t\t\t\t\t\t<\/div>\n\t\t\t\t<\/div>\n\t\t\t\t<div class=\"elementor-element elementor-element-5361cbc elementor-widget elementor-widget-toggle\" data-id=\"5361cbc\" data-element_type=\"widget\" data-e-type=\"widget\" data-widget_type=\"toggle.default\">\n\t\t\t\t<div class=\"elementor-widget-container\">\n\t\t\t\t\t\t\t<div class=\"elementor-toggle\">\n\t\t\t\t\t\t\t<div class=\"elementor-toggle-item\">\n\t\t\t\t\t<div id=\"elementor-tab-title-8741\" class=\"elementor-tab-title\" data-tab=\"1\" role=\"button\" aria-controls=\"elementor-tab-content-8741\" aria-expanded=\"false\">\n\t\t\t\t\t\t\t\t\t\t\t\t<span class=\"elementor-toggle-icon elementor-toggle-icon-left\" aria-hidden=\"true\">\n\t\t\t\t\t\t\t\t\t\t\t\t\t\t\t<span class=\"elementor-toggle-icon-closed\"><i class=\"fas fa-caret-right\"><\/i><\/span>\n\t\t\t\t\t\t\t\t<span class=\"elementor-toggle-icon-opened\"><i class=\"elementor-toggle-icon-opened fas fa-caret-up\"><\/i><\/span>\n\t\t\t\t\t\t\t\t\t\t\t\t\t<\/span>\n\t\t\t\t\t\t\t\t\t\t\t\t<a class=\"elementor-toggle-title\" tabindex=\"0\">Riferimenti e informazioni legali<\/a>\n\t\t\t\t\t<\/div>\n\n\t\t\t\t\t<div id=\"elementor-tab-content-8741\" class=\"elementor-tab-content elementor-clearfix\" data-tab=\"1\" role=\"region\" aria-labelledby=\"elementor-tab-title-8741\"><p>\u00a9 Dr. med. Dipl. Biol. Susanne Saha 03\/2021<\/p><\/div>\n\t\t\t\t<\/div>\n\t\t\t\t\t\t\t\t<\/div>\n\t\t\t\t\t\t<\/div>\n\t\t\t\t<\/div>\n\t\t\t\t\t<\/div>\n\t\t\t\t<\/div>\n\t\t\t\t<\/div>","protected":false},"excerpt":{"rendered":"<p>Dieser Text ist keinesfalls eine Aufforderung den aktiven Sonnenschutz dauerhaft zu unterlassen, sondern befasst sich mit einigen Inhaltsstoffen von Sonnenschutzmitteln. Sonnenschutzmittel erf\u00fcllen eine wichtige Funktion, indem sie die Hautbarriere vor UV-Licht sch\u00fctzen und damit Hautkrebs vorbeugen. Grunds\u00e4tzlich werden zwei Wirkprinzipien bei Sonnencremes unterschieden: 1. Sonnencremes mit mineralischer oder physikalischer UV-Filterungenthalten Substanzen wie z. B. Titandioxid [&hellip;]<\/p>\n","protected":false},"author":1,"featured_media":0,"parent":1142,"menu_order":0,"comment_status":"closed","ping_status":"closed","template":"","meta":{"_acf_changed":false,"footnotes":""},"class_list":["post-1220","page","type-page","status-publish","hentry"],"acf":[],"_links":{"self":[{"href":"https:\/\/agderma.de\/it\/wp-json\/wp\/v2\/pages\/1220","targetHints":{"allow":["GET"]}}],"collection":[{"href":"https:\/\/agderma.de\/it\/wp-json\/wp\/v2\/pages"}],"about":[{"href":"https:\/\/agderma.de\/it\/wp-json\/wp\/v2\/types\/page"}],"author":[{"embeddable":true,"href":"https:\/\/agderma.de\/it\/wp-json\/wp\/v2\/users\/1"}],"replies":[{"embeddable":true,"href":"https:\/\/agderma.de\/it\/wp-json\/wp\/v2\/comments?post=1220"}],"version-history":[{"count":25,"href":"https:\/\/agderma.de\/it\/wp-json\/wp\/v2\/pages\/1220\/revisions"}],"predecessor-version":[{"id":5077,"href":"https:\/\/agderma.de\/it\/wp-json\/wp\/v2\/pages\/1220\/revisions\/5077"}],"up":[{"embeddable":true,"href":"https:\/\/agderma.de\/it\/wp-json\/wp\/v2\/pages\/1142"}],"wp:attachment":[{"href":"https:\/\/agderma.de\/it\/wp-json\/wp\/v2\/media?parent=1220"}],"curies":[{"name":"wp","href":"https:\/\/api.w.org\/{rel}","templated":true}]}}