{"id":1225,"date":"2023-01-26T23:15:45","date_gmt":"2023-01-26T23:15:45","guid":{"rendered":"http:\/\/agderma.de\/?page_id=1225"},"modified":"2025-08-31T09:07:18","modified_gmt":"2025-08-31T09:07:18","slug":"il-biossido-di-titanio-e-uno-sbiancante-ottico-con-rischi-per-la-salute","status":"publish","type":"page","link":"https:\/\/agderma.de\/it\/themen\/titandioxid-optischer-aufheller-mit-gesundheitsrisiko\/","title":{"rendered":"Biossido di titanio - Brillantante ottico con rischio per la salute"},"content":{"rendered":"<div data-elementor-type=\"wp-page\" data-elementor-id=\"1225\" class=\"elementor elementor-1225\" data-elementor-post-type=\"page\">\n\t\t\t\t<div class=\"elementor-element elementor-element-bb32a3f e-flex e-con-boxed e-con e-parent\" data-id=\"bb32a3f\" data-element_type=\"container\" data-e-type=\"container\" data-settings=\"{&quot;background_background&quot;:&quot;classic&quot;}\">\n\t\t\t\t\t<div class=\"e-con-inner\">\n\t\t\t\t<div class=\"elementor-element elementor-element-3a67742 elementor-widget elementor-widget-heading\" data-id=\"3a67742\" data-element_type=\"widget\" data-e-type=\"widget\" data-widget_type=\"heading.default\">\n\t\t\t\t<div class=\"elementor-widget-container\">\n\t\t\t\t\t<h1 class=\"elementor-heading-title elementor-size-default\">Biossido di titanio - Brillantante ottico con rischio per la salute<\/h1>\t\t\t\t<\/div>\n\t\t\t\t<\/div>\n\t\t\t\t\t<\/div>\n\t\t\t\t<\/div>\n\t\t<div class=\"elementor-element elementor-element-76f7a45 e-flex e-con-boxed e-con e-parent\" data-id=\"76f7a45\" data-element_type=\"container\" data-e-type=\"container\">\n\t\t\t\t\t<div class=\"e-con-inner\">\n\t\t\t\t<div class=\"elementor-element elementor-element-dc10c6d elementor-widget elementor-widget-text-editor\" data-id=\"dc10c6d\" data-element_type=\"widget\" data-e-type=\"widget\" data-widget_type=\"text-editor.default\">\n\t\t\t\t<div class=\"elementor-widget-container\">\n\t\t\t\t\t\t\t\t\t<p>Il biossido di titanio \u00e8 un pigmento colorato che ha la pi\u00f9 alta opacit\u00e0 di tutti i pigmenti bianchi.\u00a0<a href=\"https:\/\/www.chemie.de\/lexikon\/Titan%28IV%29-oxid.html\" target=\"_blank\" rel=\"noopener\">\u00c8 chimicamente stabile<\/a>\u00a0ed \u00e8 considerato non tossico.<\/p><p>In medicina, viene utilizzato come colorante ottico puro con la designazione INCI (International Nomenclature of Cosmetic Ingredients) CI 77891 per compresse, creme, cosmetici, nonch\u00e9 in\u00a0<a href=\"https:\/\/agderma.de\/it\/argomenti\/problema-causato-dalle-creme-di-protezione-solare\/\">Creme solari<\/a>\u00a0utilizzato come filtro UV minerale.<\/p><p>Come colorante <a href=\"https:\/\/www.bfr.bund.de\/de\/titandioxid___gibt_es_gesundheitliche_risiken_-240812.html\" target=\"_blank\" rel=\"noopener\">Additivo alimentare E171<\/a> Viene aggiunto a dolci, gomme da masticare, dentifricio, mozzarella e come pigmento bianco nei dolciumi e nei rivestimenti.  90 % di biossido di titanio viene utilizzato nel settore industriale per la produzione di vernici, lacche, carta e plastica.<\/p><p>Il biossido di titanio si forma dal titanio, il quarto metallo pi\u00f9 comune al mondo. Quando reagisce con l'ossigeno, si forma il biossido di titanio (TiO2). Poich\u00e9 il titanio puro si trova raramente sulla terra, deve essere estratto dal minerale di ferro di titanio in modo intensivo dal punto di vista energetico e dei costi. Il processo di produzione comporta quindi l'emissione di gas a effetto serra ed \u00e8 rilevante per il clima.\u00a0<a href=\"https:\/\/www.anses.fr\/fr\/system\/files\/VSR2019SA0109Ra.pdf\" target=\"_blank\" rel=\"noopener\">Solo in Germania, ogni anno vengono prodotte circa 550.000 tonnellate di biossido di titanio.<\/a>\u00a0prodotte come microparticelle (particelle superiori a 100 nm) o nanoparticelle (particelle inferiori a 100 nm). Ci\u00f2 corrisponde a una quota totale di 10 % nel mercato globale. I nanodiossidi di titanio sono tra le nanoparticelle prodotte pi\u00f9 frequentemente.<\/p><h3>Assorbimento del biossido di titanio attraverso la pelle<\/h3><p>Il 2010 ha visto l'arrivo di un\u00a0<a href=\"https:\/\/pubmed.ncbi.nlm.nih.gov\/21329043\/\" target=\"_blank\" rel=\"noopener\">Studio<\/a>\u00a0ha concluso che l'assorbimento delle nanoparticelle da parte della pelle \u00e8 determinato dalla dimensione delle particelle e che dipende dallo stato di salute della pelle. Per quanto riguarda l'assorbimento delle particelle di biossido di titanio da parte di\u00a0<a href=\"https:\/\/www.bfr.bund.de\/de\/fragen_und_antworten_zu_taetowiermitteln-187854.html\" target=\"_blank\" rel=\"noopener\">Tatuaggi<\/a>\u00a0Tuttavia, non \u00e8 stato ancora possibile rilasciare una dichiarazione in merito.<\/p><h3>Assorbimento del biossido di titanio attraverso il tratto gastrointestinale<\/h3><p>In un\u00a0<a href=\"https:\/\/gut.bmj.com\/content\/gutjnl\/66\/7\/1216.full.pdf\" target=\"_blank\" rel=\"noopener\">Studio dell'Ospedale Universitario di Zurigo<\/a>\u00a0Nel 2016, \u00e8 stato dimostrato in un modello murino che le particelle di biossido di titanio (nano) come additivo alimentare E171 sotto i 100 nm hanno portato ad un aumento di ulteriori infiammazioni e danni alla mucosa intestinale nei topi con malattia infiammatoria intestinale. Gli scienziati di Zurigo hanno quindi raccomandato ai pazienti con infiammazione intestinale di evitare gli alimenti contenenti biossido di titanio. Nel 2017, i ricercatori francesi hanno anche dimostrato nei ratti che l'ingestione di E171 in forma di nanoparticelle\u00a0<a href=\"https:\/\/www.sciencedaily.com\/releases\/2017\/01\/170124124355.htm\" target=\"_blank\" rel=\"noopener\">Causa infiammazione intestinale<\/a>\u00a0pu\u00f2 e continua a danneggiare il sistema immunitario.<\/p><p>A\u00a0<a href=\"https:\/\/ec.europa.eu\/health\/sites\/health\/files\/scientific_committees\/consumer_safety\/docs\/sccs_o_238.pdf\" target=\"_blank\" rel=\"noopener\">potenziale cancerogeno<\/a>\u00a0di particelle di biossido di titanio (nano)dopo l'esposizione orale, finora non sono disponibili studi adeguati. Tuttavia, poich\u00e9 il biossido di titanio impiega molto tempo per degradarsi nei tessuti, ha il potenziale di accumularsi, il che fa supporre che i tumori possano svilupparsi come conseguenza dell'accumulo. Il\u00a0<a href=\"https:\/\/echa.europa.eu\/de\/brief-profile\/-\/briefprofile\/100.033.327\" target=\"_blank\" rel=\"noopener\">Database dell'Agenzia europea per le sostanze chimiche (ECHA)<\/a>\u00a0pertanto elenca il biossido di titanio come una sostanza potenzialmente cancerogena.<\/p><p>Attualmente, secondo\u00a0<a href=\"https:\/\/www.bfr.bund.de\/de\/titandioxid___gibt_es_gesundheitliche_risiken_-240812.htm\" target=\"_blank\" rel=\"noopener\">Istituto federale per la valutazione del rischio (BfR)<\/a>\u00a0non ha valutato se la valutazione dell'Autorit\u00e0 Europea per la Sicurezza Alimentare (EFSA) sull'E171 sia trasferibile anche alle particelle di biossido di titanio (CI 77891) nei dentifrici come prodotti cosmetici e ha quindi raccomandato ulteriori indagini.<\/p><h3>Assunzione di biossido di titanio attraverso i polmoni<\/h3><p>Il Comitato scientifico per la sicurezza dei consumatori (SCCS) afferma che l'uso del biossido di titanio in polvere nelle preparazioni topiche, sulla base dei dati attuali e della possibile classificazione del biossido di titanio secondo il Regolamento CLP come\u00a0<a href=\"https:\/\/ec.europa.eu\/transparency\/regdoc\/rep\/3\/2019\/DE\/C-2019-7227-F1-DE-ANNEX-1-PART-1.PDF\" target=\"_blank\" rel=\"noopener\">Categoria cancerogena 2 (inalazione)<\/a>\u00a0non \u00e8 sicuro per i consumatori in generale se inalato.<\/p><p>Nelle creme solari, vengono aggiunte particelle di biossido di titanio (nano) come protezione UV minerale per evitare l'effetto sbiancante.\u00a0<a href=\"https:\/\/ec.europa.eu\/health\/sites\/health\/files\/scientific_committees\/consumer_safety\/docs\/sccs_o_238.pdf\" target=\"_blank\" rel=\"noopener\">Le forme di nanoparticelle gi\u00e0 definite che potrebbero portare all'esposizione dei polmoni non sono ammesse in questo caso.<\/a>. Tuttavia, si attende ancora una valutazione finale dell'esposizione alle nanoparticelle e la conseguente necessaria modifica del Regolamento UE sui cosmetici.\u00a0<a href=\"https:\/\/eur-lex.europa.eu\/legal-content\/DE\/TXT\/PDF\/?uri=CELEX:32020R0217\" target=\"_blank\" rel=\"noopener\">A partire dal 9 settembre 2021<\/a>\u00a0I prodotti cosmetici solidi e liquidi e gli spray contenenti almeno 1% di biossido di titanio devono essere etichettati separatamente con avvertenze in tutta l'UE. Tuttavia, non vi \u00e8 alcun divieto.<\/p><h3>Divieto del biossido di titanio negli alimenti in Europa<\/h3><p>Dal 6 maggio 2021, il\u00a0<a href=\"https:\/\/www.efsa.europa.eu\/de\/efsajournal\/pub\/6585\" target=\"_blank\" rel=\"noopener\">EFSA<\/a>\u00a0non considera pi\u00f9 sicuro l'uso del biossido di titanio come additivo alimentare, in quanto non \u00e8 possibile smentire il possibile effetto genotossico delle particelle di biossido di titanio (nano)dopo aver esaminato pi\u00f9 di 200 studi in vitro e in vivo su animali pertinenti all'argomento. Gli studi non consentono nemmeno di trarre conclusioni sulla correlazione tra alcune propriet\u00e0 delle particelle di biossido di titanio (nano) (dimensioni, composizione) e l'esito degli studi di genotossicit\u00e0. Non \u00e8 possibile definire un livello di assunzione giornaliera accettabile. Anche l'Agenzia francese per la sicurezza alimentare\u00a0<a href=\"https:\/\/www.anses.fr\/fr\/system\/files\/VSR2019SA0109Ra.pdf\" target=\"_blank\" rel=\"noopener\">ANSIE<\/a>\u00a0critica la mancanza di dati per dichiarare la sostanza come chiaramente innocua.<\/p><p>Di conseguenza, la Francia \u00e8 stata il primo membro dell'UE a vietare il biossido di titanio come additivo alimentare a partire dal 1\u00b0 gennaio 2020. La Svizzera seguir\u00e0 con un divieto alla fine del 2021. Tuttavia, il biossido di titanio continuer\u00e0 ad essere consentito in prodotti come cosmetici, creme solari o farmaci.<\/p><h3>Conclusione<\/h3><p>Il biossido di titanio \u00e8 un additivo non essenziale e non ha alcuna relazione con i rischi potenziali. Viene utilizzato esclusivamente per aumentare l'attrattiva visiva di un prodotto e quindi \u00e8 solo uno strumento di marketing.<\/p><p>Per motivi di salute e climatici, si raccomanda pertanto di non aggiungere il biossido di titanio a farmaci, creme per la cura della pelle e alimenti.<\/p><p>Aggiornamento 16.10.2021:<\/p><p>L'8.10.2021, gli Stati membri dell'Unione Europea hanno approvato la proposta della Commissione Europea di consentire l'uso di\u00a0<a href=\"https:\/\/ec.europa.eu\/germany\/news\/20211008-eu-verbot-titandioxid-in-lebensmitteln_de\" target=\"_blank\" rel=\"noopener\">vietare il biossido di titanio (E171) come additivo negli alimenti a partire dal 2022.<\/a><\/p><p>\u00a0<\/p><p><strong>Aggiornamento 04.02.2022:<\/strong><\/p><p>Il\u00a0<a href=\"https:\/\/germany.representation.ec.europa.eu\/news\/titandioxid-lebensmitteln-ab-sommer-2022-verboten-2022-01-14_de\" target=\"_blank\" rel=\"noopener\">Unione Europea (UE)<\/a>\u00a0ha emesso il divieto di utilizzo del biossido di titanio come additivo alimentare (E171). Entrer\u00e0 in vigore dal 7 febbraio 2022 e sar\u00e0 vincolante dal 7 agosto 2022. I produttori dovranno sostituire il biossido di titanio nei farmaci con eccipienti entro i prossimi tre anni. Prima del 1\u00b0 aprile 2024, il\u00a0<a href=\"https:\/\/www.ema.europa.eu\/en\" target=\"_blank\" rel=\"noopener\">Agenzia Europea dei Medicinali (EMA)<\/a>\u00a0effettuare un'ulteriore valutazione del biossido di titanio.<\/p><p>\u00a0<\/p><p><strong>Aggiornamento dal 13\/08\/2025:<\/strong><\/p><p><br \/>Il 1\u00b0 agosto 2025, la Corte di Giustizia Europea ha annullato la classificazione del biossido di titanio avviata dalla Commissione UE nel 2019. Produttori, importatori, utenti e fornitori avevano intrapreso un'azione legale contro il regolamento UE sull'etichettatura del biossido di titanio in polvere come \"probabilmente cancerogeno\", in vigore dal 1\u00b0 ottobre 2021. Secondo la sentenza pubblicata nel 2022, la Corte di Giustizia Europea ha criticato il fatto che un parere di esperti sulla cancerogenicit\u00e0 del biossido di titanio da parte dell'Agenzia Europea per le Sostanze Chimiche e della Commissione UE non era stato adeguatamente valutato e quindi erano state tratte conclusioni errate per le etichette di avvertimento. La Corte di Giustizia europea ha respinto i ricorsi e ha confermato che la classificazione del biossido di titanio non era giustificata, in quanto non erano stati presi in considerazione tutti i fattori scientifici rilevanti. <\/p>\t\t\t\t\t\t\t\t<\/div>\n\t\t\t\t<\/div>\n\t\t\t\t<div class=\"elementor-element elementor-element-4ba51c9 elementor-widget elementor-widget-toggle\" data-id=\"4ba51c9\" data-element_type=\"widget\" data-e-type=\"widget\" data-widget_type=\"toggle.default\">\n\t\t\t\t<div class=\"elementor-widget-container\">\n\t\t\t\t\t\t\t<div class=\"elementor-toggle\">\n\t\t\t\t\t\t\t<div class=\"elementor-toggle-item\">\n\t\t\t\t\t<div id=\"elementor-tab-title-7931\" class=\"elementor-tab-title\" data-tab=\"1\" role=\"button\" aria-controls=\"elementor-tab-content-7931\" aria-expanded=\"false\">\n\t\t\t\t\t\t\t\t\t\t\t\t<span class=\"elementor-toggle-icon elementor-toggle-icon-left\" aria-hidden=\"true\">\n\t\t\t\t\t\t\t\t\t\t\t\t\t\t\t<span class=\"elementor-toggle-icon-closed\"><i class=\"fas fa-caret-right\"><\/i><\/span>\n\t\t\t\t\t\t\t\t<span class=\"elementor-toggle-icon-opened\"><i class=\"elementor-toggle-icon-opened fas fa-caret-up\"><\/i><\/span>\n\t\t\t\t\t\t\t\t\t\t\t\t\t<\/span>\n\t\t\t\t\t\t\t\t\t\t\t\t<a class=\"elementor-toggle-title\" tabindex=\"0\">Riferimenti e informazioni legali<\/a>\n\t\t\t\t\t<\/div>\n\n\t\t\t\t\t<div id=\"elementor-tab-content-7931\" class=\"elementor-tab-content elementor-clearfix\" data-tab=\"1\" role=\"region\" aria-labelledby=\"elementor-tab-title-7931\"><p>\u00a9 Dr. med. Dipl. Biol. Susanne Saha 08\/2021<\/p><\/div>\n\t\t\t\t<\/div>\n\t\t\t\t\t\t\t\t<\/div>\n\t\t\t\t\t\t<\/div>\n\t\t\t\t<\/div>\n\t\t\t\t\t<\/div>\n\t\t\t\t<\/div>\n\t\t\t\t<\/div>","protected":false},"excerpt":{"rendered":"<p>Titandioxid ist ein Farbpigment, welches von allen Wei\u00dfpigmenten die h\u00f6chste Deckungskraft besitzt.\u00a0Es ist chemisch stabil\u00a0und gilt als ungiftig. In der Medizin wird es als reiner optischer Farbgeber mit der INCI (International Nomenclature of Cosmetic Ingredients) Bezeichnung\u00a0CI 77891\u00a0f\u00fcr Tabletten, Cremes,\u00a0 Kosmetika sowie in\u00a0Sonnencremes\u00a0als mineralischer UV-Filter verwendet. Als farbgebender Lebensmittelzusatzstoff\u00a0E171 wird es zum Beispiel in Bonbons, Kaugummis, [&hellip;]<\/p>\n","protected":false},"author":1,"featured_media":0,"parent":1142,"menu_order":0,"comment_status":"closed","ping_status":"closed","template":"","meta":{"_acf_changed":false,"footnotes":""},"class_list":["post-1225","page","type-page","status-publish","hentry"],"acf":[],"_links":{"self":[{"href":"https:\/\/agderma.de\/it\/wp-json\/wp\/v2\/pages\/1225","targetHints":{"allow":["GET"]}}],"collection":[{"href":"https:\/\/agderma.de\/it\/wp-json\/wp\/v2\/pages"}],"about":[{"href":"https:\/\/agderma.de\/it\/wp-json\/wp\/v2\/types\/page"}],"author":[{"embeddable":true,"href":"https:\/\/agderma.de\/it\/wp-json\/wp\/v2\/users\/1"}],"replies":[{"embeddable":true,"href":"https:\/\/agderma.de\/it\/wp-json\/wp\/v2\/comments?post=1225"}],"version-history":[{"count":3,"href":"https:\/\/agderma.de\/it\/wp-json\/wp\/v2\/pages\/1225\/revisions"}],"predecessor-version":[{"id":5787,"href":"https:\/\/agderma.de\/it\/wp-json\/wp\/v2\/pages\/1225\/revisions\/5787"}],"up":[{"embeddable":true,"href":"https:\/\/agderma.de\/it\/wp-json\/wp\/v2\/pages\/1142"}],"wp:attachment":[{"href":"https:\/\/agderma.de\/it\/wp-json\/wp\/v2\/media?parent=1225"}],"curies":[{"name":"wp","href":"https:\/\/api.w.org\/{rel}","templated":true}]}}