{"id":1259,"date":"2023-01-27T03:47:18","date_gmt":"2023-01-27T03:47:18","guid":{"rendered":"http:\/\/agderma.de\/?page_id=1259"},"modified":"2023-02-24T02:39:50","modified_gmt":"2023-02-24T02:39:50","slug":"olio-di-paraffina-nei-cosmetici","status":"publish","type":"page","link":"https:\/\/agderma.de\/it\/themen\/paraffine-erdoel-in-kosmetik\/","title":{"rendered":"Paraffine - Petrolio nei cosmetici"},"content":{"rendered":"<div data-elementor-type=\"wp-page\" data-elementor-id=\"1259\" class=\"elementor elementor-1259\" data-elementor-post-type=\"page\">\n\t\t\t\t<div class=\"elementor-element elementor-element-3d478ea e-flex e-con-boxed e-con e-parent\" data-id=\"3d478ea\" data-element_type=\"container\" data-e-type=\"container\" data-settings=\"{&quot;background_background&quot;:&quot;classic&quot;}\">\n\t\t\t\t\t<div class=\"e-con-inner\">\n\t\t\t\t<div class=\"elementor-element elementor-element-3d3f871 elementor-widget elementor-widget-heading\" data-id=\"3d3f871\" data-element_type=\"widget\" data-e-type=\"widget\" data-widget_type=\"heading.default\">\n\t\t\t\t<div class=\"elementor-widget-container\">\n\t\t\t\t\t<h1 class=\"elementor-heading-title elementor-size-default\">Paraffine - Petrolio nei cosmetici<\/h1>\t\t\t\t<\/div>\n\t\t\t\t<\/div>\n\t\t\t\t\t<\/div>\n\t\t\t\t<\/div>\n\t\t<div class=\"elementor-element elementor-element-2179231 e-flex e-con-boxed e-con e-parent\" data-id=\"2179231\" data-element_type=\"container\" data-e-type=\"container\">\n\t\t\t\t\t<div class=\"e-con-inner\">\n\t\t\t\t<div class=\"elementor-element elementor-element-3c12a81 elementor-widget elementor-widget-text-editor\" data-id=\"3c12a81\" data-element_type=\"widget\" data-e-type=\"widget\" data-widget_type=\"text-editor.default\">\n\t\t\t\t<div class=\"elementor-widget-container\">\n\t\t\t\t\t\t\t\t\t<p>Le paraffine per la cura della persona, note anche come oli minerali, sono un sottoprodotto della lavorazione del petrolio e si formano da paraffine industriali non purificate. Le paraffine purificate sono contenute in forma liquida o solida in numerosi prodotti per la cura della persona come leganti in creme, unguenti, paste, lozioni, cosmetici e altri prodotti medici, perch\u00e9 hanno propriet\u00e0 filmogene, protettive e idrorepellenti. Si dissolvono\u00a0<a href=\"https:\/\/pubmed.ncbi.nlm.nih.gov\/16787456\/\" target=\"_blank\" rel=\"noopener\">Nessuna allergia<\/a>\u00a0sono molto buoni per il momento\u00a0<a href=\"https:\/\/www.bfr.bund.de\/de\/fragen_und_antworten_zu_mineraloel_in_kosmetischen_mitteln-194244.html\" target=\"_blank\" rel=\"noopener\">Compatibile<\/a>\u00a0e sono\u00a0<a href=\"https:\/\/www.tagesspiegel.de\/wirtschaft\/potenziell-krebserregend-stiftung-warentest-warnt-vor-mineraloel-kosmetik\/11828748.html\" target=\"_blank\" rel=\"noopener\">economico<\/a>.<\/p><h3>Le paraffine danneggiano l'ambiente<\/h3><p><a href=\"https:\/\/echa.europa.eu\/de\/registration-dossier\/-\/registered-dossier\/15514\/7\/8\" target=\"_blank\" rel=\"noopener\">Paraffine grezze<\/a>\u00a0vengono estratti nella produzione di olio lubrificante, che \u00e8\u00a0<a href=\"https:\/\/agderma.de\/it\/argomenti\/la-plastica-provoca-il-cambiamento-climatico\/\">Petrolio grezzo<\/a>\u00a0distillata o estratta da lignite o scisto bituminoso, nonch\u00e9 da carbone di torba. La produzione di paraffina contribuisce quindi all'aumento delle emissioni di gas serra a livello mondiale.\u00a0<\/p><p>Nell'uso quotidiano, entrano nel ciclo dell'acqua perch\u00e9 non possono essere filtrati dagli impianti di depurazione. Possono, tuttavia, essere\u00a0<a href=\"https:\/\/e97ec710-2fbf-48c5-896e-412785f39c45.filesusr.com\/ugd\/e99956_88cb0c3bb8ac43f59fd9814d25ae9497.pdf\" target=\"_blank\" rel=\"noopener\">Batteri degradati<\/a>\u00a0e non rimangono in modo permanente nell'ambiente. Il\u00a0<a href=\"https:\/\/www.bfr.bund.de\/cm\/343\/verschmutzung-von-nord-und-ostsee-durch-paraffin.pdf\" target=\"_blank\" rel=\"noopener\">Tempo di estrazione<\/a>\u00a0non \u00e8 chiaro.<\/p><p>Negli ultimi anni, grossi grumi di paraffina industriale si sono arenati sempre pi\u00f9 spesso sulle spiagge, presumibilmente a causa del lavaggio delle navi che trasportano prodotti chimici. Lo scarico di paraffina e di sostanze simili alla paraffina in mare \u00e8 stato finora regolamentato a livello internazionale, ma non vietato. Il problema \u00e8 che i grumi di paraffina vengono scambiati per cibo dagli animali marini e dagli uccelli marini. Inoltre, poich\u00e9 questi grumi hanno un basso grado di purezza, contengono sostanze cancerogene come gli idrocarburi policiclici aromatici (vedere sotto MOAH), che possono essere ingeriti dai bagnanti e dagli animali marini. Il\u00a0<a href=\"https:\/\/www.bfr.bund.de\/cm\/343\/verschmutzung-von-nord-und-ostsee-durch-paraffin.pdf\" target=\"_blank\" rel=\"noopener\">Ufficio federale per la ricerca sul rischio (BfR)<\/a>\u00a0pertanto ritiene \"assolutamente necessario un divieto generale di scarico di sostanze galleggianti come la paraffina nel Mare del Nord e nel Mar Baltico\".<\/p><h3>Discussione sulle propriet\u00e0 dannose per la salute<\/h3><p>Durante la lavorazione della paraffina grezza, oltre alla paraffina pura vengono prodotti altri due componenti della paraffina:<\/p><ul><li><p>oli minerali aromatizzati, MOAH in breve (idrocarburi saturi di oli minerali) e<\/p><\/li><li><p>Idrocarburi di oli minerali saturi, in breve MOSH (idrocarburi aromatici di oli minerali)<\/p><\/li><\/ul><p>Nel 2015, il\u00a0<a href=\"https:\/\/www.test.de\/Mineraloele-in-Kosmetika-Kritische-Stoffe-in-Cremes-Lippenpflegeprodukten-und-Vaseline-4853357-0\/\" target=\"_blank\" rel=\"noopener\">Stiftung Warentest<\/a>\u00a0ha rilevato che il MOAH era presente in 25 dei 25 prodotti cosmetici e di cura personale convenzionali testati. Il MOAH si trova in\u00a0<a href=\"https:\/\/pubmed.ncbi.nlm.nih.gov\/6615701\/\" target=\"_blank\" rel=\"noopener\">Fortemente sospettato di essere cancerogeno<\/a>\u00a0essere. Tre anni dopo, in una dichiarazione rilasciata nel febbraio 2018, la\u00a0<a href=\"https:\/\/www.bfr.bund.de\/cm\/343\/hochraffinierte-mineraloele-in-kosmetika-gesundheitliche-risiken-sind-nach-derzeitigem-kenntnisstand-nicht-zu-erwarten.pdf\" target=\"_blank\" rel=\"noopener\">Istituto federale per la ricerca sul rischio (BfR)<\/a>\u00a0metodologia analitica di MOSH e MOAH nei prodotti. Il BfR conclude che solo la\u00a0<a href=\"https:\/\/pubmed.ncbi.nlm.nih.gov\/28941808\/\" target=\"_blank\" rel=\"noopener\">Metodologia di analisi in due fasi introdotta nel 2017<\/a>\u00a0ha portato a una quantificazione significativamente migliore del MOAH, in quanto questo era ovviamente sovrastimato nella precedente procedura a una fase e quindi portava a valori falsamente elevati di MOAH nei prodotti.<\/p><p>Il MOSH, invece, \u00e8 presente come impurit\u00e0 in alcuni balsami per labbra. Quando viene applicato, una parte di esso entra nel corpo attraverso l'assorbimento orale e si accumula negli organi. Una rilevanza tossicologica \u00e8, come affermato in un\u00a0<a href=\"https:\/\/pubmed.ncbi.nlm.nih.gov\/22422433\/\" target=\"_blank\" rel=\"noopener\">Studio sui ratti<\/a>\u00a0osservato, forte\u00a0<a href=\"https:\/\/www.bfr.bund.de\/cm\/343\/hochraffinierte-mineraloele-in-kosmetika-gesundheitliche-risiken-sind-nach-derzeitigem-kenntnisstand-nicht-zu-erwarten.pdf\" target=\"_blank\" rel=\"noopener\">BfR<\/a>\u00a0dubbio per gli esseri umani.<\/p><p>Le paraffine con un alto grado di purezza, che vengono utilizzate per la cosmesi o come ingrediente di prodotti medicinali, sono complessivamente protette dal Codice Civile.\u00a0<a href=\"https:\/\/echa.europa.eu\/de\/registration-dossier\/-\/registered-dossier\/15514\/7\/8\" target=\"_blank\" rel=\"noopener\">Commissione Europea<\/a>\u00a0e il\u00a0<a href=\"https:\/\/www.bfr.bund.de\/cm\/343\/verschmutzung-von-nord-und-ostsee-durch-paraffin.pdf\" target=\"_blank\" rel=\"noopener\">BfR<\/a>\u00a0classificati come non cancerogeni.<\/p><p>Il\u00a0<a href=\"https:\/\/www.bfr.bund.de\/de\/fragen_und_antworten_zu_mineraloel_in_kosmetischen_mitteln-194244.html\" target=\"_blank\" rel=\"noopener\">BfR<\/a>\u00a0ha ammesso nel 2015 che ci sono \"lacune nei dati che rendono difficile una valutazione della salute\". Queste includono i dati sull'assorbimento attraverso la pelle dopo un contatto prolungato, sulla biodisponibilit\u00e0 orale e sulla rilevanza delle alterazioni istopatologiche del fegato (microgranulomi), che si sono verificate negli esperimenti sugli animali in un ceppo di ratti particolarmente sensibile dopo l'alimentazione con preparati corrispondenti (...) Attualmente si sa poco sull'effetto e sulla presenza di idrocarburi aromatici (MOAH) nei prodotti cosmetici. Una valutazione complessiva \u00e8 resa difficile non da ultimo dalle lacune dei dati relativi alla composizione delle miscele di oli minerali utilizzate nell'industria cosmetica\".<\/p><p>L'uso di preparati topici contenenti paraffina \u00e8 ben consolidato in dermatologia e in altri campi medici. L'uso diffuso nei prodotti convenzionali e da banco dovrebbe essere sconsigliato anche per motivi di\u00a0<a href=\"https:\/\/agderma.de\/it\/argomenti\/la-plastica-provoca-il-cambiamento-climatico\/\">Protezione del clima<\/a>\u00a0dovrebbe assolutamente essere riconsiderato.<\/p><h3>Tipi di paraffina nei prodotti di cura e nei cosmetici<\/h3><p>\u00a0A seconda della sua composizione chimica e del metodo di produzione, la cera di paraffina si presenta con i seguenti nomi nel mondo del lavoro.\u00a0<a href=\"https:\/\/www.verbraucherzentrale.de\/wissen\/umwelt-haushalt\/produkte\/kosmetik-inhaltsstoffe-kennzeichnung-und-unerwuenschte-wirkungen-26338\" target=\"_blank\" rel=\"noopener\">Elenchi di ingredienti<\/a>\u00a0sui prodotti:<\/p><ul><li><a href=\"https:\/\/echa.europa.eu\/de\/registration-dossier\/-\/registered-dossier\/15514\/7\/8\" target=\"_blank\" rel=\"noopener\">Paraffinum liquidum<\/a><\/li><li>Petrolio o petrolato<\/li><li>Isoparaffina<\/li><li>Ceresina<\/li><li>Vaselina (cera microcristallina<\/li><li>Cera Microcristallina<\/li><li>Cera minerale o olio minerale<\/li><li>Ozokeritem<\/li><\/ul>\t\t\t\t\t\t\t\t<\/div>\n\t\t\t\t<\/div>\n\t\t\t\t<div class=\"elementor-element elementor-element-5361cbc elementor-widget elementor-widget-toggle\" data-id=\"5361cbc\" data-element_type=\"widget\" data-e-type=\"widget\" data-widget_type=\"toggle.default\">\n\t\t\t\t<div class=\"elementor-widget-container\">\n\t\t\t\t\t\t\t<div class=\"elementor-toggle\">\n\t\t\t\t\t\t\t<div class=\"elementor-toggle-item\">\n\t\t\t\t\t<div id=\"elementor-tab-title-8741\" class=\"elementor-tab-title\" data-tab=\"1\" role=\"button\" aria-controls=\"elementor-tab-content-8741\" aria-expanded=\"false\">\n\t\t\t\t\t\t\t\t\t\t\t\t<span class=\"elementor-toggle-icon elementor-toggle-icon-left\" aria-hidden=\"true\">\n\t\t\t\t\t\t\t\t\t\t\t\t\t\t\t<span class=\"elementor-toggle-icon-closed\"><i class=\"fas fa-caret-right\"><\/i><\/span>\n\t\t\t\t\t\t\t\t<span class=\"elementor-toggle-icon-opened\"><i class=\"elementor-toggle-icon-opened fas fa-caret-up\"><\/i><\/span>\n\t\t\t\t\t\t\t\t\t\t\t\t\t<\/span>\n\t\t\t\t\t\t\t\t\t\t\t\t<a class=\"elementor-toggle-title\" tabindex=\"0\">Riferimenti e informazioni legali<\/a>\n\t\t\t\t\t<\/div>\n\n\t\t\t\t\t<div id=\"elementor-tab-content-8741\" class=\"elementor-tab-content elementor-clearfix\" data-tab=\"1\" role=\"region\" aria-labelledby=\"elementor-tab-title-8741\"><p>\u00a9 Dr. med. Dipl. Biol. Susanne Saha 06\/2021<\/p><\/div>\n\t\t\t\t<\/div>\n\t\t\t\t\t\t\t\t<\/div>\n\t\t\t\t\t\t<\/div>\n\t\t\t\t<\/div>\n\t\t\t\t\t<\/div>\n\t\t\t\t<\/div>\n\t\t\t\t<\/div>","protected":false},"excerpt":{"rendered":"<p>Paraffine f\u00fcr die K\u00f6rperpflege, auch als Mineral\u00f6le bezeichnet, sind ein Nebenprodukt der Erd\u00f6laufbereitung und entstehen aus ungereinigten Industrieparaffinen. Gereinigte Paraffine sind in fl\u00fcssiger oder fester Form in zahlreichen K\u00f6rperpflegeprodukten als Bindemittel in Cremes, Salben, Pasten, Lotionen, Kosmetika und weiteren Medizinprodukten enthalten, da sie filmbildende, sch\u00fctzende und wasserabweisende Eigenschaften haben. Sie l\u00f6sen\u00a0keine Allergien\u00a0aus, sind dermal sehr [&hellip;]<\/p>\n","protected":false},"author":1,"featured_media":0,"parent":1142,"menu_order":0,"comment_status":"closed","ping_status":"closed","template":"","meta":{"_acf_changed":false,"footnotes":""},"class_list":["post-1259","page","type-page","status-publish","hentry"],"acf":[],"_links":{"self":[{"href":"https:\/\/agderma.de\/it\/wp-json\/wp\/v2\/pages\/1259","targetHints":{"allow":["GET"]}}],"collection":[{"href":"https:\/\/agderma.de\/it\/wp-json\/wp\/v2\/pages"}],"about":[{"href":"https:\/\/agderma.de\/it\/wp-json\/wp\/v2\/types\/page"}],"author":[{"embeddable":true,"href":"https:\/\/agderma.de\/it\/wp-json\/wp\/v2\/users\/1"}],"replies":[{"embeddable":true,"href":"https:\/\/agderma.de\/it\/wp-json\/wp\/v2\/comments?post=1259"}],"version-history":[{"count":0,"href":"https:\/\/agderma.de\/it\/wp-json\/wp\/v2\/pages\/1259\/revisions"}],"up":[{"embeddable":true,"href":"https:\/\/agderma.de\/it\/wp-json\/wp\/v2\/pages\/1142"}],"wp:attachment":[{"href":"https:\/\/agderma.de\/it\/wp-json\/wp\/v2\/media?parent=1259"}],"curies":[{"name":"wp","href":"https:\/\/api.w.org\/{rel}","templated":true}]}}