{"id":1265,"date":"2023-01-27T04:02:02","date_gmt":"2023-01-27T04:02:02","guid":{"rendered":"http:\/\/agderma.de\/?page_id=1265"},"modified":"2025-03-15T15:45:23","modified_gmt":"2025-03-15T15:45:23","slug":"lo-status-quo-della-sicurezza-della-disinfezione-per-gli-utenti-e-lambiente","status":"publish","type":"page","link":"https:\/\/agderma.de\/it\/themen\/status-quo-der-desinfektion-sicherheit-fuer-anwender-und-umwelt\/","title":{"rendered":"Status quo della disinfezione: sicurezza per gli utenti e per l'ambiente"},"content":{"rendered":"<div data-elementor-type=\"wp-page\" data-elementor-id=\"1265\" class=\"elementor elementor-1265\" data-elementor-post-type=\"page\">\n\t\t\t\t<div class=\"elementor-element elementor-element-3d478ea e-flex e-con-boxed e-con e-parent\" data-id=\"3d478ea\" data-element_type=\"container\" data-e-type=\"container\" data-settings=\"{&quot;background_background&quot;:&quot;classic&quot;}\">\n\t\t\t\t\t<div class=\"e-con-inner\">\n\t\t\t\t<div class=\"elementor-element elementor-element-3d3f871 elementor-widget elementor-widget-heading\" data-id=\"3d3f871\" data-element_type=\"widget\" data-e-type=\"widget\" data-widget_type=\"heading.default\">\n\t\t\t\t<div class=\"elementor-widget-container\">\n\t\t\t\t\t<h1 class=\"elementor-heading-title elementor-size-default\">Status quo della disinfezione: sicurezza per gli utenti e per l'ambiente<\/h1>\t\t\t\t<\/div>\n\t\t\t\t<\/div>\n\t\t\t\t\t<\/div>\n\t\t\t\t<\/div>\n\t\t<div class=\"elementor-element elementor-element-2179231 e-flex e-con-boxed e-con e-parent\" data-id=\"2179231\" data-element_type=\"container\" data-e-type=\"container\">\n\t\t\t\t\t<div class=\"e-con-inner\">\n\t\t\t\t<div class=\"elementor-element elementor-element-3c12a81 elementor-widget elementor-widget-text-editor\" data-id=\"3c12a81\" data-element_type=\"widget\" data-e-type=\"widget\" data-widget_type=\"text-editor.default\">\n\t\t\t\t<div class=\"elementor-widget-container\">\n\t\t\t\t\t\t\t\t\t<p>Il fondamento pi\u00f9 importante della medicina \u00e8 l'elevato standard di igiene, la cui importanza centrale diventa particolarmente evidente in tempi di pandemie e di crescente sviluppo della resistenza microbica. Nell'assistenza sanitaria, la prevenzione delle infezioni serve alla sicurezza dei pazienti e alla protezione dei dipendenti, mentre nelle aziende serve alla sicurezza dei prodotti e dei consumatori. I piani di igiene adattati alla rispettiva istituzione sono legalmente vincolanti in Austria e Germania e richiedono l'uso di disinfettanti efficaci. Considerando l'elevato numero di istituzioni nel settore sanitario e aggiungendo l'industria alimentare manifatturiera e le aziende farmaceutiche, sono indispensabili quantit\u00e0 di disinfettanti altrettanto elevate per o prima di alcune fasi di lavoro.<\/p><p>A prima vista, la disinfezione chimica e la protezione ambientale sembrano essere due aree diametralmente opposte. Le sostanze che eliminano in modo specifico i microrganismi per proteggere gli esseri umani possono anche uccidere microbi di vario tipo rilevanti per l'ambiente attraverso le acque reflue. Inoltre, alcuni disinfettanti contengono molecole, come aldeidi stabili dal punto di vista ambientale o composti di ammonio quaternario (QAV), che si accumulano nell'ambiente e, a seconda della loro concentrazione, possono avere effetti tossici a lungo termine sugli organismi acquatici.\u00a0<\/p><h3>Focus sulla disinfezione delle mani<\/h3><p>Spesso si ritiene che il lavaggio delle mani sia la versione pi\u00f9 rispettosa della pelle e i disinfettanti la misura pi\u00f9 'aggressiva' dell'igiene delle mani. Tuttavia, la pandemia in particolare ha dimostrato che un eccessivo lavaggio delle mani con il sapone danneggia la barriera cutanea e quindi favorisce lo sviluppo dell'eczema irritativo-tossico delle mani. Di conseguenza, la disinfezione delle mani \u00e8 preferibile al lavaggio frequente. A differenza della disinfezione delle superfici, tuttavia, \u00e8 necessario utilizzare sostanze attive compatibili con la pelle, in quanto solo queste sono tollerate dall'utente con una certa regolarit\u00e0. Un elemento centrale della prevenzione delle infezioni \u00e8 la disponibilit\u00e0 diffusa di disinfettanti per le mani, che garantiscono una protezione completa contro le infezioni e allo stesso tempo un alto livello di compatibilit\u00e0 ambientale.<\/p><p>Prodotti con\u00a0<a href=\"https:\/\/www.gelbe-liste.de\/wirkstoffe\/Natriumhypochlorit_18048\" target=\"_blank\" rel=\"noopener\">Ipoclorito di sodio<\/a>\u00a0(NaOCl) sono pubblicizzati come \"particolarmente delicati, biologici e naturali\". Tuttavia, questo principio attivo \u00e8 altamente tossico e chimicamente reattivo. Si tratta di un disinfettante per superfici. Non \u00e8 approvato per la disinfezione delle mani nella maggior parte dei Paesi.<\/p><p>Gli alcoli chimicamente puri - propanolo o etanolo - in alte concentrazioni, invece, mostrano un'ampia efficacia contro i batteri, i funghi e, in alcuni casi, i virus, denaturando immediatamente e in modo irreversibile e distruggendo cos\u00ec le proteine dei microrganismi.<\/p><p>Gli alcoli sono molto ben tollerati sulla pelle intatta e presentano tre vantaggi principali: agiscono molto rapidamente, si asciugano entro 15-30 secondi senza lasciare residui e non presentano residui dannosi o irritanti per l'uomo o l'ambiente. Si pu\u00f2 escludere lo sviluppo di resistenza al propanolo o all'etanolo.<\/p><p>Lo sgrassamento della pelle viene evitato grazie ad additivi nutrienti come il dexpantenolo e la vitamina E. Sono innocui per l'ambiente, mentre\u00a0<a href=\"https:\/\/agderma.de\/it\/argomenti\/olio-di-paraffina-nei-cosmetici\/\">Glicerina<\/a>\u00a0\u00e8 prodotto in modo petrolchimico ad alta intensit\u00e0 energetica, cio\u00e8 \u00e8 a base di petrolio.<\/p><p>In particolare, i benefici degli ingredienti noti come \"principi attivi remanenti\" (ad es.\u00a0<a href=\"https:\/\/www.chemie.de\/lexikon\/Chlorhexidin.html\" target=\"_blank\" rel=\"noopener\">Clorexidina<\/a>,\u00a0<a href=\"https:\/\/agderma.de\/it\/argomenti\/il-triclosan-e-una-sostanza-problematica\/\">Triclosan<\/a>,\u00a0<a href=\"https:\/\/www.wien.gv.at\/wuawides\/internet\/Inhaltsstoffsuche\/Detail\/55\" target=\"_blank\" rel=\"noopener\">Mecetronio etilsolfato<\/a>,\u00a0<a href=\"https:\/\/www.chemie.de\/lexikon\/Orthophenylphenol.html\" target=\"_blank\" rel=\"noopener\">Ortofenilfenolo<\/a>), cio\u00e8 i principi attivi che rimangono sulla pelle, devono essere messi in discussione in modo critico.<\/p><p>Per la clorexidina, ad esempio, una\u00a0<a href=\"https:\/\/pubmed.ncbi.nlm.nih.gov\/27671220\/\" target=\"_blank\" rel=\"noopener\">resistenza batterica<\/a><a href=\"https:\/\/pubmed.ncbi.nlm.nih.gov\/27671220\/\" target=\"_blank\" rel=\"noopener\">,<\/a>\u00a0Induzione da\u00a0<a href=\"https:\/\/pubmed.ncbi.nlm.nih.gov\/27799211\/\" target=\"_blank\" rel=\"noopener\">Resistenza incrociata agli antibiotici di riserva<\/a>\u00a0e\u00a0<a href=\"https:\/\/www.ncbi.nlm.nih.gov\/pmc\/articles\/PMC4411823\/\" target=\"_blank\" rel=\"noopener\">Irritazione della pelle<\/a>\u00a0e anafilassi sono stati descritti. Inoltre, la molecola rimane stabile nelle acque reflue. Inoltre\u00a0<a href=\"https:\/\/agderma.de\/it\/argomenti\/il-triclosan-e-una-sostanza-problematica\/\">Triclosan<\/a>\u00a0pu\u00f2 causare allergie da contatto ed \u00e8 altamente tossico per gli organismi acquatici. Nel 2016, \u00e8 stato pertanto vietato negli Stati Uniti come sostanza dannosa per l'ambiente e malsana nei prodotti detergenti per mani e corpo a risciacquo.<\/p><p>Il\u00a0<a href=\"https:\/\/www.rki.de\/DE\/Content\/Kommissionen\/KRINKO\/krinko_node.html\" target=\"_blank\" rel=\"noopener\">Commissione per l'igiene ospedaliera e la prevenzione delle infezioni (KRINKO)<\/a>\u00a0Pertanto, lo sconsiglia: \"Le preparazioni con aggiunta di principi attivi antimicrobici remanenti non sono raccomandate, poich\u00e9 la loro aggiunta non migliora l'efficacia, ma aumenta il rischio di effetti collaterali\".<\/p><h3>Disinfezione delle superfici a fuoco<\/h3><p>Soprattutto per la disinfezione di superfici e strumenti, \u00e8 necessario prendere in considerazione numerosi parametri come la compatibilit\u00e0 dei materiali, il tempo di esposizione richiesto e\/o lo spettro di attivit\u00e0 richiesto.<\/p><p>A livello internazionale, si pu\u00f2 osservare la tendenza verso agenti detergenti biodegradabili, come l'uso di enzimi. Inoltre, vengono sempre pi\u00f9 offerte salviette disinfettanti realizzate con materiali sostenibili, che finora erano spesso in PET (polietilene tereftalato) o PP (polipropilene). Per il settore professionale, sono sempre pi\u00f9 numerosi i prodotti per la disinfezione delle superfici basati su principi attivi di\u00a0<a href=\"https:\/\/www.chemie.de\/lexikon\/Peroxyessigs%C3%A4ure.html\" target=\"_blank\" rel=\"noopener\">Acido peracetico<\/a>\u00a0(PAA, acido peracetico) - che si decompone in ossigeno, acqua e aceto dopo l'uso - o ossigeno attivo. Hanno uno spettro di prestazioni particolarmente elevato (virucida, sporicida), sono ben compatibili con molti materiali e non lasciano residui tossici di lunga durata.<\/p><p>Una preziosa aggiunta sostenibile sarebbe il passaggio tempestivo a contenitori di disinfettanti upcyclable o riciclabili per la disinfezione delle mani e delle superfici e la loro restituzione da parte dei produttori.\u00a0<\/p><h3>Banche dati per i disinfettanti<\/h3><p><a href=\"https:\/\/www.wien.gv.at\/english\/environment\/protection\/oekokauf\/disinfectants\/index.html\" target=\"_blank\" rel=\"noopener\">Database dei disinfettanti di Vienna (database WIDES)<\/a>Austria<br \/>Presentazione trasparente (in tedesco e inglese) dei potenziali rischi dei disinfettanti disponibili in commercio. Consente di scegliere il disinfettante che presenta il minor rischio per il personale, i pazienti e l'ambiente.<\/p><p><a href=\"https:\/\/expertisen.oeghmp.at\/\" target=\"_blank\" rel=\"noopener\">Societ\u00e0 di Igiene, Microbiologia e Medicina Preventiva (\u00d6GHMP)<\/a>Austria<br \/>Per le misure di disinfezione di routine nel settore medico umano.<\/p><p><a href=\"https:\/\/edoc.rki.de\/bitstream\/handle\/176904\/5723\/2017_Article_ListeDerVomRobertKoch-Institut.pdf?sequence=1&amp;isAllowed=y\" target=\"_blank\" rel=\"noopener\">Istituto Robert Koch (RKI)<\/a>Germania<br \/>Elenco dei disinfettanti e delle procedure di disinfezione testate e approvate per la disinfezione ufficialmente ordinata nel settore umano.\u00a0<\/p><p><a href=\"https:\/\/vah-online.de\/de\/desinfektion\" target=\"_blank\" rel=\"noopener\">Commissione Disinfettanti dell'Associazione per l'Igiene Applicata (VAH)<\/a>Germania<br \/>Per le misure di disinfezione di routine nel settore medico umano.\u00a0<\/p><p><a href=\"https:\/\/www.desinfektionsmittelliste.de\/Home\/Page\/1\" target=\"_blank\" rel=\"noopener\">Associazione industriale per l'igiene e la protezione delle superfici (IHO)<\/a>Germania<br \/>Testati in base ai requisiti del Regolamento UE sui biocidi, efficacia dimostrata con pareri di esperti. I biocidi elencati coprono i settori umano, veterinario e della produzione alimentare.<\/p><p><a href=\"https:\/\/echa.europa.eu\/de\/home\" target=\"_blank\" rel=\"noopener\">Database sui biocidi dell'Agenzia europea per le sostanze chimiche (ECHA)<br \/><\/a>Elenco dei principi attivi testati e approvati in conformit\u00e0 ai requisiti dell'Ordinanza sui biocidi.<\/p>\t\t\t\t\t\t\t\t<\/div>\n\t\t\t\t<\/div>\n\t\t\t\t<div class=\"elementor-element elementor-element-5361cbc elementor-widget elementor-widget-toggle\" data-id=\"5361cbc\" data-element_type=\"widget\" data-e-type=\"widget\" data-widget_type=\"toggle.default\">\n\t\t\t\t<div class=\"elementor-widget-container\">\n\t\t\t\t\t\t\t<div class=\"elementor-toggle\">\n\t\t\t\t\t\t\t<div class=\"elementor-toggle-item\">\n\t\t\t\t\t<div id=\"elementor-tab-title-8741\" class=\"elementor-tab-title\" data-tab=\"1\" role=\"button\" aria-controls=\"elementor-tab-content-8741\" aria-expanded=\"false\">\n\t\t\t\t\t\t\t\t\t\t\t\t<span class=\"elementor-toggle-icon elementor-toggle-icon-left\" aria-hidden=\"true\">\n\t\t\t\t\t\t\t\t\t\t\t\t\t\t\t<span class=\"elementor-toggle-icon-closed\"><i class=\"fas fa-caret-right\"><\/i><\/span>\n\t\t\t\t\t\t\t\t<span class=\"elementor-toggle-icon-opened\"><i class=\"elementor-toggle-icon-opened fas fa-caret-up\"><\/i><\/span>\n\t\t\t\t\t\t\t\t\t\t\t\t\t<\/span>\n\t\t\t\t\t\t\t\t\t\t\t\t<a class=\"elementor-toggle-title\" tabindex=\"0\">Riferimenti e informazioni legali<\/a>\n\t\t\t\t\t<\/div>\n\n\t\t\t\t\t<div id=\"elementor-tab-content-8741\" class=\"elementor-tab-content elementor-clearfix\" data-tab=\"1\" role=\"region\" aria-labelledby=\"elementor-tab-title-8741\"><p>\u00a9 O\u00c4 Dr. med. univ. Mahitab Khalifa-Paruch, Vienna, 11\/2021<\/p><\/div>\n\t\t\t\t<\/div>\n\t\t\t\t\t\t\t\t<\/div>\n\t\t\t\t\t\t<\/div>\n\t\t\t\t<\/div>\n\t\t\t\t\t<\/div>\n\t\t\t\t<\/div>\n\t\t\t\t<\/div>","protected":false},"excerpt":{"rendered":"<p>Das wichtigste Fundament der Medizin ist der hohe Hygienestandard, dessen zentrale Bedeutung besonders in Zeiten der Pandemie und bei zunehmender mikrobieller Resistenzentwicklung sichtbar wird. Im Gesundheitswesen dient die Infektions-pr\u00e4vention der Patientensicherheit und dem Schutz der MitarbeiterInnen, in Unternehmen der Produkt- und Konsumentensicherheit. An die jeweilige Einrichtung adaptierten Hygienepl\u00e4ne sind in \u00d6sterreich und Deutschland rechtlich verpflichtend [&hellip;]<\/p>\n","protected":false},"author":1,"featured_media":0,"parent":1142,"menu_order":0,"comment_status":"closed","ping_status":"closed","template":"","meta":{"_acf_changed":false,"footnotes":""},"class_list":["post-1265","page","type-page","status-publish","hentry"],"acf":[],"_links":{"self":[{"href":"https:\/\/agderma.de\/it\/wp-json\/wp\/v2\/pages\/1265","targetHints":{"allow":["GET"]}}],"collection":[{"href":"https:\/\/agderma.de\/it\/wp-json\/wp\/v2\/pages"}],"about":[{"href":"https:\/\/agderma.de\/it\/wp-json\/wp\/v2\/types\/page"}],"author":[{"embeddable":true,"href":"https:\/\/agderma.de\/it\/wp-json\/wp\/v2\/users\/1"}],"replies":[{"embeddable":true,"href":"https:\/\/agderma.de\/it\/wp-json\/wp\/v2\/comments?post=1265"}],"version-history":[{"count":6,"href":"https:\/\/agderma.de\/it\/wp-json\/wp\/v2\/pages\/1265\/revisions"}],"predecessor-version":[{"id":5622,"href":"https:\/\/agderma.de\/it\/wp-json\/wp\/v2\/pages\/1265\/revisions\/5622"}],"up":[{"embeddable":true,"href":"https:\/\/agderma.de\/it\/wp-json\/wp\/v2\/pages\/1142"}],"wp:attachment":[{"href":"https:\/\/agderma.de\/it\/wp-json\/wp\/v2\/media?parent=1265"}],"curies":[{"name":"wp","href":"https:\/\/api.w.org\/{rel}","templated":true}]}}