{"id":2016,"date":"2023-02-06T08:03:41","date_gmt":"2023-02-06T08:03:41","guid":{"rendered":"http:\/\/agderma.de\/?page_id=2016"},"modified":"2023-03-31T06:51:18","modified_gmt":"2023-03-31T06:51:18","slug":"campagne","status":"publish","type":"page","link":"https:\/\/agderma.de\/it\/kampagnen\/","title":{"rendered":"Campagne"},"content":{"rendered":"<div data-elementor-type=\"wp-page\" data-elementor-id=\"2016\" class=\"elementor elementor-2016\" data-elementor-post-type=\"page\">\n\t\t\t\t<div class=\"elementor-element elementor-element-ae50cef e-flex e-con-boxed e-con e-parent\" data-id=\"ae50cef\" data-element_type=\"container\" data-e-type=\"container\" data-settings=\"{&quot;background_background&quot;:&quot;classic&quot;}\">\n\t\t\t\t\t<div class=\"e-con-inner\">\n\t\t\t\t<div class=\"elementor-element elementor-element-d2ac020 elementor-widget elementor-widget-heading\" data-id=\"d2ac020\" data-element_type=\"widget\" data-e-type=\"widget\" data-widget_type=\"heading.default\">\n\t\t\t\t<div class=\"elementor-widget-container\">\n\t\t\t\t\t<h1 class=\"elementor-heading-title elementor-size-default\">Campagne<\/h1>\t\t\t\t<\/div>\n\t\t\t\t<\/div>\n\t\t\t\t\t<\/div>\n\t\t\t\t<\/div>\n\t\t<div class=\"elementor-element elementor-element-a0f7816 e-flex e-con-boxed e-con e-parent\" data-id=\"a0f7816\" data-element_type=\"container\" data-e-type=\"container\">\n\t\t\t\t\t<div class=\"e-con-inner\">\n\t\t<div class=\"elementor-element elementor-element-42ac6e4 e-con-full e-flex e-con e-child\" data-id=\"42ac6e4\" data-element_type=\"container\" data-e-type=\"container\">\n\t\t\t\t<div class=\"elementor-element elementor-element-68c4fa8 elementor-widget elementor-widget-heading\" data-id=\"68c4fa8\" data-element_type=\"widget\" data-e-type=\"widget\" data-widget_type=\"heading.default\">\n\t\t\t\t<div class=\"elementor-widget-container\">\n\t\t\t\t\t<h2 class=\"elementor-heading-title elementor-size-default\">Diventate ambasciatori della sostenibilit\u00e0!<\/h2>\t\t\t\t<\/div>\n\t\t\t\t<\/div>\n\t\t\t\t<div class=\"elementor-element elementor-element-5289c76 elementor-widget elementor-widget-text-editor\" data-id=\"5289c76\" data-element_type=\"widget\" data-e-type=\"widget\" data-widget_type=\"text-editor.default\">\n\t\t\t\t<div class=\"elementor-widget-container\">\n\t\t\t\t\t\t\t\t\t<p>Con un'idea di sostenibilit\u00e0 nella vostra presentazione, sostenete attivamente la trasformazione verso un settore sanitario sostenibile:<\/p>\t\t\t\t\t\t\t\t<\/div>\n\t\t\t\t<\/div>\n\t\t\t\t<div class=\"elementor-element elementor-element-8d28cb9 elementor-widget__width-initial elementor-widget-mobile__width-inherit elementor-widget elementor-widget-toggle\" data-id=\"8d28cb9\" data-element_type=\"widget\" data-e-type=\"widget\" data-widget_type=\"toggle.default\">\n\t\t\t\t<div class=\"elementor-widget-container\">\n\t\t\t\t\t\t\t<div class=\"elementor-toggle\">\n\t\t\t\t\t\t\t<div class=\"elementor-toggle-item\">\n\t\t\t\t\t<div id=\"elementor-tab-title-1481\" class=\"elementor-tab-title\" data-tab=\"1\" role=\"button\" aria-controls=\"elementor-tab-content-1481\" aria-expanded=\"false\">\n\t\t\t\t\t\t\t\t\t\t\t\t<span class=\"elementor-toggle-icon elementor-toggle-icon-right\" aria-hidden=\"true\">\n\t\t\t\t\t\t\t\t\t\t\t\t\t\t\t<span class=\"elementor-toggle-icon-closed\"><i class=\"fas fa-chevron-down\"><\/i><\/span>\n\t\t\t\t\t\t\t\t<span class=\"elementor-toggle-icon-opened\"><i class=\"elementor-toggle-icon-opened fas fa-chevron-up\"><\/i><\/span>\n\t\t\t\t\t\t\t\t\t\t\t\t\t<\/span>\n\t\t\t\t\t\t\t\t\t\t\t\t<a class=\"elementor-toggle-title\" tabindex=\"0\">Passo 1<\/a>\n\t\t\t\t\t<\/div>\n\n\t\t\t\t\t<div id=\"elementor-tab-content-1481\" class=\"elementor-tab-content elementor-clearfix\" data-tab=\"1\" role=\"region\" aria-labelledby=\"elementor-tab-title-1481\"><p>Vi suggeriremo un aspetto rilevante della sostenibilit\u00e0 da abbinare all'argomento della vostra presentazione.<\/p><\/div>\n\t\t\t\t<\/div>\n\t\t\t\t\t\t\t<div class=\"elementor-toggle-item\">\n\t\t\t\t\t<div id=\"elementor-tab-title-1482\" class=\"elementor-tab-title\" data-tab=\"2\" role=\"button\" aria-controls=\"elementor-tab-content-1482\" aria-expanded=\"false\">\n\t\t\t\t\t\t\t\t\t\t\t\t<span class=\"elementor-toggle-icon elementor-toggle-icon-right\" aria-hidden=\"true\">\n\t\t\t\t\t\t\t\t\t\t\t\t\t\t\t<span class=\"elementor-toggle-icon-closed\"><i class=\"fas fa-chevron-down\"><\/i><\/span>\n\t\t\t\t\t\t\t\t<span class=\"elementor-toggle-icon-opened\"><i class=\"elementor-toggle-icon-opened fas fa-chevron-up\"><\/i><\/span>\n\t\t\t\t\t\t\t\t\t\t\t\t\t<\/span>\n\t\t\t\t\t\t\t\t\t\t\t\t<a class=\"elementor-toggle-title\" tabindex=\"0\">Passo 2<\/a>\n\t\t\t\t\t<\/div>\n\n\t\t\t\t\t<div id=\"elementor-tab-content-1482\" class=\"elementor-tab-content elementor-clearfix\" data-tab=\"2\" role=\"region\" aria-labelledby=\"elementor-tab-title-1482\"><p>Siete d'accordo con la nostra proposta?<\/p><p>Poi creeremo gratuitamente per voi una semplice diapositiva sulla sostenibilit\u00e0 in PowerPoint.<\/p><\/div>\n\t\t\t\t<\/div>\n\t\t\t\t\t\t\t<div class=\"elementor-toggle-item\">\n\t\t\t\t\t<div id=\"elementor-tab-title-1483\" class=\"elementor-tab-title\" data-tab=\"3\" role=\"button\" aria-controls=\"elementor-tab-content-1483\" aria-expanded=\"false\">\n\t\t\t\t\t\t\t\t\t\t\t\t<span class=\"elementor-toggle-icon elementor-toggle-icon-right\" aria-hidden=\"true\">\n\t\t\t\t\t\t\t\t\t\t\t\t\t\t\t<span class=\"elementor-toggle-icon-closed\"><i class=\"fas fa-chevron-down\"><\/i><\/span>\n\t\t\t\t\t\t\t\t<span class=\"elementor-toggle-icon-opened\"><i class=\"elementor-toggle-icon-opened fas fa-chevron-up\"><\/i><\/span>\n\t\t\t\t\t\t\t\t\t\t\t\t\t<\/span>\n\t\t\t\t\t\t\t\t\t\t\t\t<a class=\"elementor-toggle-title\" tabindex=\"0\">Passo 3<\/a>\n\t\t\t\t\t<\/div>\n\n\t\t\t\t\t<div id=\"elementor-tab-content-1483\" class=\"elementor-tab-content elementor-clearfix\" data-tab=\"3\" role=\"region\" aria-labelledby=\"elementor-tab-title-1483\"><p>Integrate la diapositiva nella vostra presentazione complessiva e diventate automaticamente ambasciatori della sostenibilit\u00e0: nell'AGN.<\/p><\/div>\n\t\t\t\t<\/div>\n\t\t\t\t\t\t\t\t<\/div>\n\t\t\t\t\t\t<\/div>\n\t\t\t\t<\/div>\n\t\t\t\t<div class=\"elementor-element elementor-element-09f717c elementor-widget elementor-widget-heading\" data-id=\"09f717c\" data-element_type=\"widget\" data-e-type=\"widget\" data-widget_type=\"heading.default\">\n\t\t\t\t<div class=\"elementor-widget-container\">\n\t\t\t\t\t<h2 class=\"elementor-heading-title elementor-size-default\">Questi ambasciatori della sostenibilit\u00e0 sono gi\u00e0 a bordo: <\/h2>\t\t\t\t<\/div>\n\t\t\t\t<\/div>\n\t\t\t\t<div class=\"elementor-element elementor-element-da08be4 elementor-widget elementor-widget-text-editor\" data-id=\"da08be4\" data-element_type=\"widget\" data-e-type=\"widget\" data-widget_type=\"text-editor.default\">\n\t\t\t\t<div class=\"elementor-widget-container\">\n\t\t\t\t\t\t\t\t\t<p><strong>Perch\u00e9 le stiamo suggerendo questo?<br \/><\/strong>Forse vorrebbe impegnarsi in modo sostenibile, ma non riesce a far fronte ai suoi impegni professionali e privati. Vorremmo quindi sostenere il suo impegno personale e renderlo visibile con la nostra offerta.<\/p><p><strong>Di quali informazioni abbiamo bisogno da lei?<\/strong><br \/>La nostra proposta si basa esclusivamente sull'argomento della sua conferenza. Non abbiamo bisogno di ulteriori informazioni da parte sua.<\/p><p><strong>Quali aspetti della sostenibilit\u00e0 si adattano alla mia presentazione?<\/strong><br \/>Gli aspetti della sostenibilit\u00e0 potrebbero, ad esempio<\/p><ul><li>evidenzi l'impatto del cambiamento climatico sull'argomento della sua presentazione<\/li><li>Dare suggerimenti sui potenziali risparmi, ad esempio, nelle catene di approvvigionamento, nella campionatura dei prodotti, nel confezionamento.<\/li><li>o benefici per la salute, i cosiddetti co-benefici, che sono collegati alla protezione del clima e dell'ambiente. Ad esempio, fare pi\u00f9 esercizio fisico \u00e8 salutare, ma \u00e8 anche positivo per il clima se le persone non usano l'auto.<\/li><\/ul><div>\u00a0<\/div><p><b>Che aspetto pu\u00f2 avere il suo fioretto?<br \/><\/b><span style=\"font-family: var( --e-global-typography-text-font-family ), Sans-serif; font-size: var( --e-global-typography-text-font-size ); font-weight: var( --e-global-typography-text-font-weight ); text-align: var(--text-align);\">Se \u00e8 d'accordo con la nostra proposta, ricever\u00e0 una diapositiva con un\u00a0<\/span><span style=\"text-align: var(--text-align); font-family: var( --e-global-typography-text-font-family ), Sans-serif; font-size: var( --e-global-typography-text-font-size ); font-weight: var( --e-global-typography-text-font-weight );\">aspetto della sostenibilit\u00e0 per iscritto e\/o per immagini. Allo stesso tempo, questa diapositiva la distingue come\u00a0<\/span><span style=\"text-align: var(--text-align); font-family: var( --e-global-typography-text-font-family ), Sans-serif; font-size: var( --e-global-typography-text-font-size ); font-weight: var( --e-global-typography-text-font-weight );\">Ambasciatore della sostenibilit\u00e0:nell'AGN da.<\/span><\/p>\t\t\t\t\t\t\t\t<\/div>\n\t\t\t\t<\/div>\n\t\t\t\t<div class=\"elementor-element elementor-element-56d565f elementor-widget elementor-widget-image\" data-id=\"56d565f\" data-element_type=\"widget\" data-e-type=\"widget\" data-widget_type=\"image.default\">\n\t\t\t\t<div class=\"elementor-widget-container\">\n\t\t\t\t\t\t\t\t\t\t\t\t<figure class=\"wp-caption\">\n\t\t\t\t\t\t\t\t\t\t<img fetchpriority=\"high\" decoding=\"async\" width=\"800\" height=\"448\" src=\"https:\/\/agderma.de\/wp-content\/uploads\/2023\/03\/beispielfoligeNachhaltigkeitsbotschafter-1024x573.png\" class=\"attachment-large size-large wp-image-3915\" alt=\"\" srcset=\"https:\/\/agderma.de\/wp-content\/uploads\/2023\/03\/beispielfoligeNachhaltigkeitsbotschafter-1024x573.png 1024w, https:\/\/agderma.de\/wp-content\/uploads\/2023\/03\/beispielfoligeNachhaltigkeitsbotschafter-300x168.png 300w, https:\/\/agderma.de\/wp-content\/uploads\/2023\/03\/beispielfoligeNachhaltigkeitsbotschafter-768x430.png 768w, https:\/\/agderma.de\/wp-content\/uploads\/2023\/03\/beispielfoligeNachhaltigkeitsbotschafter-1536x859.png 1536w, https:\/\/agderma.de\/wp-content\/uploads\/2023\/03\/beispielfoligeNachhaltigkeitsbotschafter.png 2002w\" sizes=\"(max-width: 800px) 100vw, 800px\" \/>\t\t\t\t\t\t\t\t\t\t\t<figcaption class=\"widget-image-caption wp-caption-text\"><strong>Esempio di diapositiva Ambasciatore della sostenibilit\u00e0:in<\/strong> <br> Una dieta prevalentemente vegetale consente di risparmiare i gas serra e, allo stesso tempo, di promuovere la salute individuale.<\/figcaption>\n\t\t\t\t\t\t\t\t\t\t<\/figure>\n\t\t\t\t\t\t\t\t\t<\/div>\n\t\t\t\t<\/div>\n\t\t\t\t<div class=\"elementor-element elementor-element-062a6ad elementor-widget elementor-widget-text-editor\" data-id=\"062a6ad\" data-element_type=\"widget\" data-e-type=\"widget\" data-widget_type=\"text-editor.default\">\n\t\t\t\t<div class=\"elementor-widget-container\">\n\t\t\t\t\t\t\t\t\t<p><strong>Ora vuole diventare un ambasciatore della sostenibilit\u00e0?<\/strong><br \/><strong>Oppure ha dei suggerimenti personali e vorrebbe integrare maggiormente il tema della sostenibilit\u00e0 nella sua <\/strong><b>Integrare la lezione?<br \/><\/b><span style=\"text-align: var(--text-align); font-family: var( --e-global-typography-text-font-family ), Sans-serif; font-size: var( --e-global-typography-text-font-size ); font-weight: var( --e-global-typography-text-font-weight );\">Fantastico! Ci contatti per maggiori informazioni a <\/span><a style=\"text-align: var(--text-align); background-color: #ffffff; font-family: var( --e-global-typography-text-font-family ), Sans-serif; font-size: var( --e-global-typography-text-font-size ); font-weight: var( --e-global-typography-text-font-weight );\" href=\"mailto:office@agderma.de\">office@agderma.de<\/a><\/p>\t\t\t\t\t\t\t\t<\/div>\n\t\t\t\t<\/div>\n\t\t\t\t<div class=\"elementor-element elementor-element-0328c0b elementor-widget elementor-widget-heading\" data-id=\"0328c0b\" data-element_type=\"widget\" data-e-type=\"widget\" data-widget_type=\"heading.default\">\n\t\t\t\t<div class=\"elementor-widget-container\">\n\t\t\t\t\t<h2 class=\"elementor-heading-title elementor-size-default\">Ambasciatori della sostenibilit\u00e0: all'interno<\/h2>\t\t\t\t<\/div>\n\t\t\t\t<\/div>\n\t\t\t\t<div class=\"elementor-element elementor-element-881d9b2 elementor-widget elementor-widget-shortcode\" data-id=\"881d9b2\" data-element_type=\"widget\" data-e-type=\"widget\" data-widget_type=\"shortcode.default\">\n\t\t\t\t<div class=\"elementor-widget-container\">\n\t\t\t\t\t\t\t<div class=\"elementor-shortcode\"><div id=\"tablepress-2-scroll-wrapper\" class=\"tablepress-scroll-wrapper\">\n\n<table id=\"tablepress-2\" class=\"tablepress tablepress-id-2 tablepress-responsive\">\n<thead>\n<tr class=\"row-1 odd\">\n\t<th class=\"column-1\">Cognome<\/th><th class=\"column-2\">Nome<\/th><th class=\"column-3\">Titolo<\/th>\n<\/tr>\n<\/thead>\n<tbody class=\"row-hover\">\n<tr class=\"row-2 even\">\n\t<td class=\"column-1\">Anders<\/td><td class=\"column-2\">Sabine<\/td><td class=\"column-3\">Dr. med.<\/td>\n<\/tr>\n<tr class=\"row-3 odd\">\n\t<td class=\"column-1\">Barone<\/td><td class=\"column-2\">Jens Malte<\/td><td class=\"column-3\">Prof. Dr. med.<\/td>\n<\/tr>\n<tr class=\"row-4 even\">\n\t<td class=\"column-1\">Baumann Conzett<\/td><td class=\"column-2\">Katrin<\/td><td class=\"column-3\">Dr. med.<\/td>\n<\/tr>\n<tr class=\"row-5 odd\">\n\t<td class=\"column-1\">Claas<\/td><td class=\"column-2\">Ulrich<\/td><td class=\"column-3\">Prof. Dr. med.<\/td>\n<\/tr>\n<tr class=\"row-6 even\">\n\t<td class=\"column-1\">Ermert-Roth<\/td><td class=\"column-2\">Susanne<\/td><td class=\"column-3\">Dr. med.<\/td>\n<\/tr>\n<tr class=\"row-7 odd\">\n\t<td class=\"column-1\">Haverkampf<\/td><td class=\"column-2\">Sonja<\/td><td class=\"column-3\">Dr. med.<\/td>\n<\/tr>\n<tr class=\"row-8 even\">\n\t<td class=\"column-1\">Rosenow<\/td><td class=\"column-2\">Kristin<\/td><td class=\"column-3\"><\/td>\n<\/tr>\n<tr class=\"row-9 odd\">\n\t<td class=\"column-1\">Schempp<\/td><td class=\"column-2\">Christoph<\/td><td class=\"column-3\">Prof. Dr. med.<\/td>\n<\/tr>\n<tr class=\"row-10 even\">\n\t<td class=\"column-1\">Skudlik<\/td><td class=\"column-2\">Christoph<\/td><td class=\"column-3\">Prof. Dr. med.<\/td>\n<\/tr>\n<tr class=\"row-11 odd\">\n\t<td class=\"column-1\">Symanzik<\/td><td class=\"column-2\">Cara<\/td><td class=\"column-3\">PD Dr rer. nat. habil.<\/td>\n<\/tr>\n<tr class=\"row-12 even\">\n\t<td class=\"column-1\">Falegnami<\/td><td class=\"column-2\">Max<\/td><td class=\"column-3\">Dr. med.<\/td>\n<\/tr>\n<tr class=\"row-13 odd\">\n\t<td class=\"column-1\">Capelli bianchi<\/td><td class=\"column-2\">Elke<\/td><td class=\"column-3\">Prof. Dr. med.<\/td>\n<\/tr>\n<\/tbody>\n<\/table>\n\n<\/div><!-- #tablepress-2 from cache --><\/div>\n\t\t\t\t\t\t<\/div>\n\t\t\t\t<\/div>\n\t\t\t\t<\/div>\n\t\t<div class=\"elementor-element elementor-element-28fd345 e-con-full e-flex e-con e-child\" data-id=\"28fd345\" data-element_type=\"container\" data-e-type=\"container\">\n\t\t\t\t<div class=\"elementor-element elementor-element-23cf7ee elementor-widget__width-inherit elementor-widget elementor-widget-image\" data-id=\"23cf7ee\" data-element_type=\"widget\" data-e-type=\"widget\" data-widget_type=\"image.default\">\n\t\t\t\t<div class=\"elementor-widget-container\">\n\t\t\t\t\t\t\t\t\t\t\t\t\t\t\t<img decoding=\"async\" width=\"800\" height=\"533\" src=\"https:\/\/agderma.de\/wp-content\/uploads\/2023\/02\/female-speaker-with-laptop-speaking-in-business-se-2021-08-28-16-44-15-utc-1024x682.jpeg\" class=\"attachment-large size-large wp-image-2996\" alt=\"\" srcset=\"https:\/\/agderma.de\/wp-content\/uploads\/2023\/02\/female-speaker-with-laptop-speaking-in-business-se-2021-08-28-16-44-15-utc-1024x682.jpeg 1024w, https:\/\/agderma.de\/wp-content\/uploads\/2023\/02\/female-speaker-with-laptop-speaking-in-business-se-2021-08-28-16-44-15-utc-300x200.jpeg 300w, https:\/\/agderma.de\/wp-content\/uploads\/2023\/02\/female-speaker-with-laptop-speaking-in-business-se-2021-08-28-16-44-15-utc-768x512.jpeg 768w, https:\/\/agderma.de\/wp-content\/uploads\/2023\/02\/female-speaker-with-laptop-speaking-in-business-se-2021-08-28-16-44-15-utc.jpeg 1400w\" sizes=\"(max-width: 800px) 100vw, 800px\" \/>\t\t\t\t\t\t\t\t\t\t\t\t\t\t\t<\/div>\n\t\t\t\t<\/div>\n\t\t\t\t<\/div>\n\t\t\t\t\t<\/div>\n\t\t\t\t<\/div>\n\t\t\t\t<\/div>","protected":false},"excerpt":{"rendered":"<p>Werden Sie Nachhaltigkeitsbotschafter:in! Mit einer Nachhaltigkeitsidee in Ihrem Vortrag unterst\u00fctzen Sie aktiv die Transformation zum nachhaltigen Gesundheitssektor: Schritt 1 Passend zu Ihrem geplanten Vortragsthema schlagen wir Ihnen einen relevanten Nachhaltigkeitsaspekt vor. Schritt 2 Sie sind mit unserem Vorschlag einverstanden? Dann erstellen wir f\u00fcr Sie kostenfrei eine unkomplizierte Nachhaltigkeitsfolie in PowerPoint. Schritt 3 Sie integrieren die [&hellip;]<\/p>\n","protected":false},"author":1,"featured_media":0,"parent":0,"menu_order":0,"comment_status":"closed","ping_status":"closed","template":"","meta":{"_acf_changed":false,"footnotes":""},"class_list":["post-2016","page","type-page","status-publish","hentry"],"acf":[],"_links":{"self":[{"href":"https:\/\/agderma.de\/it\/wp-json\/wp\/v2\/pages\/2016","targetHints":{"allow":["GET"]}}],"collection":[{"href":"https:\/\/agderma.de\/it\/wp-json\/wp\/v2\/pages"}],"about":[{"href":"https:\/\/agderma.de\/it\/wp-json\/wp\/v2\/types\/page"}],"author":[{"embeddable":true,"href":"https:\/\/agderma.de\/it\/wp-json\/wp\/v2\/users\/1"}],"replies":[{"embeddable":true,"href":"https:\/\/agderma.de\/it\/wp-json\/wp\/v2\/comments?post=2016"}],"version-history":[{"count":0,"href":"https:\/\/agderma.de\/it\/wp-json\/wp\/v2\/pages\/2016\/revisions"}],"wp:attachment":[{"href":"https:\/\/agderma.de\/it\/wp-json\/wp\/v2\/media?parent=2016"}],"curies":[{"name":"wp","href":"https:\/\/api.w.org\/{rel}","templated":true}]}}