{"id":2153,"date":"2023-02-06T11:49:33","date_gmt":"2023-02-06T11:49:33","guid":{"rendered":"http:\/\/agderma.de\/?page_id=2153"},"modified":"2024-04-18T10:35:13","modified_gmt":"2024-04-18T10:35:13","slug":"la-nostra-preoccupazione","status":"publish","type":"page","link":"https:\/\/agderma.de\/it\/unser-anliegen\/","title":{"rendered":"La nostra preoccupazione"},"content":{"rendered":"\t\t<div data-elementor-type=\"wp-page\" data-elementor-id=\"2153\" class=\"elementor elementor-2153\" data-elementor-post-type=\"page\">\n\t\t\t\t<div class=\"elementor-element elementor-element-e152c17 e-flex e-con-boxed e-con e-parent\" data-id=\"e152c17\" data-element_type=\"container\" data-e-type=\"container\" data-settings=\"{&quot;background_background&quot;:&quot;classic&quot;}\">\n\t\t\t\t\t<div class=\"e-con-inner\">\n\t\t\t\t<div class=\"elementor-element elementor-element-b44083e elementor-widget elementor-widget-heading\" data-id=\"b44083e\" data-element_type=\"widget\" data-e-type=\"widget\" data-widget_type=\"heading.default\">\n\t\t\t\t<div class=\"elementor-widget-container\">\n\t\t\t\t\t<h1 class=\"elementor-heading-title elementor-size-default\">Unser Anliegen<\/h1>\t\t\t\t<\/div>\n\t\t\t\t<\/div>\n\t\t\t\t\t<\/div>\n\t\t\t\t<\/div>\n\t\t<div class=\"elementor-element elementor-element-ab6af39 e-flex e-con-boxed e-con e-parent\" data-id=\"ab6af39\" data-element_type=\"container\" data-e-type=\"container\">\n\t\t\t\t\t<div class=\"e-con-inner\">\n\t\t\t\t<div class=\"elementor-element elementor-element-1a4ed01 elementor-widget elementor-widget-text-editor\" data-id=\"1a4ed01\" data-element_type=\"widget\" data-e-type=\"widget\" data-widget_type=\"text-editor.default\">\n\t\t\t\t<div class=\"elementor-widget-container\">\n\t\t\t\t\t\t\t\t\t<h3>Treibhausgasemissionen durch den Gesundheitssektor<\/h3>\n<p>Weltweit ist der Gesundheitssektor mit ca. 5 % an den anthropogen verursachten Treibhausgasemissionen (Kohlendioxid\u00e4quivalente [CO2e]) beteiligt.\u00b9 Mittlerweile gilt es als wahrscheinlich, dass die Begrenzung der Erderw\u00e4rmung auf 1,5 Grad nicht mehr einzuhalten ist.\u00b2 Dies bedeutet, dass auch in Deutschland in den n\u00e4chsten Jahren D\u00fcrren, \u00dcberflutungen und Unwetter zunehmende Risiken darstellen. Diese Erkenntnis macht deutlich, dass jedes Zehntelgrad der Erderw\u00e4rmung verhindert werden muss. Der Gesundheitssektor ist jetzt aufgefordert, Verantwortung zu \u00fcbernehmen, um Patient:innen zu sch\u00fctzen, seine wachsende \u00dcberlastung zu reduzieren und um sich \u2013 letztendlich \u2013 nicht durch fehlende Eigeninitiative selbst in Frage zu stellen.<\/p>\n<h3>Plastik ist umweltsch\u00e4dlich und tr\u00e4gt erheblich zum Klimawandel bei<\/h3>\n<p>Relevanter Mitverursacher der Klimakrise ist die Verschmutzung unseres Planeten durch Plastik. Die Bedeutung der weltweiten Kunststoffproduktion durch fossile Energietr\u00e4ger wie Erd\u00f6l und Erdgas wurde bisher deutlich untersch\u00e4tzt. Betrug der Anteil der Plastikproduktion am weltweiten Aussto\u00df von CO2e bereits 2015 ca. 4,5 %, wird ein Anstieg der Plastikproduktion um 40 % zwischen 2015 und 2030 prognostiziert.\u00b3<br>Weiterhin mehren sich Hinweise, dass einige Kunststoffe, darunter auch Mikroplastik in Externa sowie Zusatzstoffe (Additiva) in Kunststoffen erhebliche Gesundheitsgefahren darstellen k\u00f6nnen. Die Akkumulation dieser Stoffe findet seit Jahrzehnten in der Umwelt statt<\/p>\n<h3>Handlungsaufruf<\/h3>\n<p>Es stellt sich daher nicht mehr die Frage, ob das Gesundheitssystem ressourcenoptimierende Ma\u00dfnahmen einf\u00fchrt, sondern wie und in welchem Zeitraum sie umgesetzt werden k\u00f6nnen.<br>In Anbetracht der Dringlichkeit bedarf es einer konzertierten Umsetzung durch alle Mitarbeiter:innen des Gesundheitssystems. Als Multiplikator:innen k\u00f6nnen sie einen wichtigen Beitrag zur Aufkl\u00e4rung der gesamten Bev\u00f6lkerung und der Gesundheit eines jeden Individuums leisten<\/p>\t\t\t\t\t\t\t\t<\/div>\n\t\t\t\t<\/div>\n\t\t\t\t<div class=\"elementor-element elementor-element-dbc6421 elementor-widget elementor-widget-toggle\" data-id=\"dbc6421\" data-element_type=\"widget\" data-e-type=\"widget\" data-widget_type=\"toggle.default\">\n\t\t\t\t<div class=\"elementor-widget-container\">\n\t\t\t\t\t\t\t<div class=\"elementor-toggle\">\n\t\t\t\t\t\t\t<div class=\"elementor-toggle-item\">\n\t\t\t\t\t<div id=\"elementor-tab-title-2301\" class=\"elementor-tab-title\" data-tab=\"1\" role=\"button\" aria-controls=\"elementor-tab-content-2301\" aria-expanded=\"false\">\n\t\t\t\t\t\t\t\t\t\t\t\t<span class=\"elementor-toggle-icon elementor-toggle-icon-left\" aria-hidden=\"true\">\n\t\t\t\t\t\t\t\t\t\t\t\t\t\t\t<span class=\"elementor-toggle-icon-closed\"><i class=\"fas fa-caret-right\"><\/i><\/span>\n\t\t\t\t\t\t\t\t<span class=\"elementor-toggle-icon-opened\"><i class=\"elementor-toggle-icon-opened fas fa-caret-up\"><\/i><\/span>\n\t\t\t\t\t\t\t\t\t\t\t\t\t<\/span>\n\t\t\t\t\t\t\t\t\t\t\t\t<a class=\"elementor-toggle-title\" tabindex=\"0\">Literaturverweise<\/a>\n\t\t\t\t\t<\/div>\n\n\t\t\t\t\t<div id=\"elementor-tab-content-2301\" class=\"elementor-tab-content elementor-clearfix\" data-tab=\"1\" role=\"region\" aria-labelledby=\"elementor-tab-title-2301\"><p>1. Watts N, Amann M, Arnell N et al (2019) The 2019 report of The Lancet Countdown on health and climate change: ensuring that the health of a child born today is not defined by a changing climate. Lancet 394(10211):1836\u20131878<\/p><p>2. Liu PR, Raftery AE (2021) Country-based rate of emissions reductions should increase by 80% beyond nationally determined contributions to meet the 2 C\u00b0 target. Commun Earth Environ. https:\/\/doi.org\/10.1038\/s43247-021-00097-8<\/p><p>3. Cabernard L., Pfister S., Oberschelp C. et al (2022) Growing environmental footprint of plastics driven by coal combustion. Nat Sustain 5, 139\u2013148<br \/>https:\/\/doi.org\/10.1038\/s41893-021-00807-2<\/p><\/div>\n\t\t\t\t<\/div>\n\t\t\t\t\t\t\t\t<\/div>\n\t\t\t\t\t\t<\/div>\n\t\t\t\t<\/div>\n\t\t\t\t\t<\/div>\n\t\t\t\t<\/div>\n\t\t\t\t<\/div>\n\t\t","protected":false},"excerpt":{"rendered":"<p>Treibhausgasemissionen durch den Gesundheitssektor Weltweit ist der Gesundheitssektor mit ca. 5 % an den anthropogen verursachten Treibhausgasemissionen (Kohlendioxid\u00e4quivalente [CO2e]) beteiligt.\u00b9 Mittlerweile gilt es als wahrscheinlich, dass die Begrenzung der Erderw\u00e4rmung auf 1,5 Grad nicht mehr einzuhalten ist.\u00b2 Dies bedeutet, dass auch in Deutschland in den n\u00e4chsten Jahren D\u00fcrren, \u00dcberflutungen und Unwetter zunehmende Risiken darstellen. Diese [&hellip;]<\/p>\n","protected":false},"author":1,"featured_media":0,"parent":0,"menu_order":0,"comment_status":"closed","ping_status":"closed","template":"","meta":{"_acf_changed":false,"footnotes":""},"class_list":["post-2153","page","type-page","status-publish","hentry"],"acf":[],"_links":{"self":[{"href":"https:\/\/agderma.de\/it\/wp-json\/wp\/v2\/pages\/2153","targetHints":{"allow":["GET"]}}],"collection":[{"href":"https:\/\/agderma.de\/it\/wp-json\/wp\/v2\/pages"}],"about":[{"href":"https:\/\/agderma.de\/it\/wp-json\/wp\/v2\/types\/page"}],"author":[{"embeddable":true,"href":"https:\/\/agderma.de\/it\/wp-json\/wp\/v2\/users\/1"}],"replies":[{"embeddable":true,"href":"https:\/\/agderma.de\/it\/wp-json\/wp\/v2\/comments?post=2153"}],"version-history":[{"count":7,"href":"https:\/\/agderma.de\/it\/wp-json\/wp\/v2\/pages\/2153\/revisions"}],"predecessor-version":[{"id":5164,"href":"https:\/\/agderma.de\/it\/wp-json\/wp\/v2\/pages\/2153\/revisions\/5164"}],"wp:attachment":[{"href":"https:\/\/agderma.de\/it\/wp-json\/wp\/v2\/media?parent=2153"}],"curies":[{"name":"wp","href":"https:\/\/api.w.org\/{rel}","templated":true}]}}