{"id":33,"date":"2023-01-15T11:26:54","date_gmt":"2023-01-15T11:26:54","guid":{"rendered":"http:\/\/agderma.de\/?page_id=33"},"modified":"2024-09-25T04:42:13","modified_gmt":"2024-09-25T04:42:13","slug":"gestione-sostenibile-della-clinica","status":"publish","type":"page","link":"https:\/\/agderma.de\/it\/nachhaltiges-klinikmanagement\/","title":{"rendered":"Gestione sostenibile della clinica"},"content":{"rendered":"<div data-elementor-type=\"wp-page\" data-elementor-id=\"33\" class=\"elementor elementor-33\" data-elementor-post-type=\"page\">\n\t\t\t\t<div class=\"elementor-element elementor-element-4b4918b e-flex e-con-boxed e-con e-parent\" data-id=\"4b4918b\" data-element_type=\"container\" data-e-type=\"container\" data-settings=\"{&quot;background_background&quot;:&quot;classic&quot;}\">\n\t\t\t\t\t<div class=\"e-con-inner\">\n\t\t\t\t<div class=\"elementor-element elementor-element-abb9015 elementor-widget elementor-widget-heading\" data-id=\"abb9015\" data-element_type=\"widget\" data-e-type=\"widget\" data-widget_type=\"heading.default\">\n\t\t\t\t<div class=\"elementor-widget-container\">\n\t\t\t\t\t<h1 class=\"elementor-heading-title elementor-size-default\">Gestione sostenibile della clinica<\/h1>\t\t\t\t<\/div>\n\t\t\t\t<\/div>\n\t\t\t\t\t<\/div>\n\t\t\t\t<\/div>\n\t\t<div class=\"elementor-element elementor-element-836808e e-flex e-con-boxed e-con e-parent\" data-id=\"836808e\" data-element_type=\"container\" data-e-type=\"container\">\n\t\t\t\t\t<div class=\"e-con-inner\">\n\t\t<div class=\"elementor-element elementor-element-4177ebd e-con-full e-flex e-con e-child\" data-id=\"4177ebd\" data-element_type=\"container\" data-e-type=\"container\">\n\t\t\t\t<div class=\"elementor-element elementor-element-8486632 elementor-widget elementor-widget-image\" data-id=\"8486632\" data-element_type=\"widget\" data-e-type=\"widget\" data-widget_type=\"image.default\">\n\t\t\t\t<div class=\"elementor-widget-container\">\n\t\t\t\t\t\t\t\t\t\t\t\t\t\t\t<img fetchpriority=\"high\" decoding=\"async\" width=\"800\" height=\"533\" src=\"https:\/\/agderma.de\/wp-content\/uploads\/2023\/02\/team-of-surgeons-performing-surgery-2022-03-07-17-45-20-utc-1-1024x682.jpg\" class=\"attachment-large size-large wp-image-3036\" alt=\"\" srcset=\"https:\/\/agderma.de\/wp-content\/uploads\/2023\/02\/team-of-surgeons-performing-surgery-2022-03-07-17-45-20-utc-1-1024x682.jpg 1024w, https:\/\/agderma.de\/wp-content\/uploads\/2023\/02\/team-of-surgeons-performing-surgery-2022-03-07-17-45-20-utc-1-300x200.jpg 300w, https:\/\/agderma.de\/wp-content\/uploads\/2023\/02\/team-of-surgeons-performing-surgery-2022-03-07-17-45-20-utc-1-768x512.jpg 768w, https:\/\/agderma.de\/wp-content\/uploads\/2023\/02\/team-of-surgeons-performing-surgery-2022-03-07-17-45-20-utc-1.jpg 1400w\" sizes=\"(max-width: 800px) 100vw, 800px\" \/>\t\t\t\t\t\t\t\t\t\t\t\t\t\t\t<\/div>\n\t\t\t\t<\/div>\n\t\t\t\t<div class=\"elementor-element elementor-element-e3da578 elementor-widget elementor-widget-toggle\" data-id=\"e3da578\" data-element_type=\"widget\" data-e-type=\"widget\" data-widget_type=\"toggle.default\">\n\t\t\t\t<div class=\"elementor-widget-container\">\n\t\t\t\t\t\t\t<div class=\"elementor-toggle\">\n\t\t\t\t\t\t\t<div class=\"elementor-toggle-item\">\n\t\t\t\t\t<div id=\"elementor-tab-title-2381\" class=\"elementor-tab-title\" data-tab=\"1\" role=\"button\" aria-controls=\"elementor-tab-content-2381\" aria-expanded=\"false\">\n\t\t\t\t\t\t\t\t\t\t\t\t<span class=\"elementor-toggle-icon elementor-toggle-icon-right\" aria-hidden=\"true\">\n\t\t\t\t\t\t\t\t\t\t\t\t\t\t\t<span class=\"elementor-toggle-icon-closed\"><i class=\"fas fa-chevron-down\"><\/i><\/span>\n\t\t\t\t\t\t\t\t<span class=\"elementor-toggle-icon-opened\"><i class=\"elementor-toggle-icon-opened fas fa-chevron-up\"><\/i><\/span>\n\t\t\t\t\t\t\t\t\t\t\t\t\t<\/span>\n\t\t\t\t\t\t\t\t\t\t\t\t<a class=\"elementor-toggle-title\" tabindex=\"0\">Suggerimenti attuali e comprovati per l'implementazione di misure sostenibili nella sua clinica.<\/a>\n\t\t\t\t\t<\/div>\n\n\t\t\t\t\t<div id=\"elementor-tab-content-2381\" class=\"elementor-tab-content elementor-clearfix\" data-tab=\"1\" role=\"region\" aria-labelledby=\"elementor-tab-title-2381\"><p><a href=\"https:\/\/agderma.de\/wp-content\/uploads\/2024\/09\/Aktionsplaene-fuer-Kliniken.pdf\">Piani d'azione per le cliniche<\/a><\/p><p><a href=\"https:\/\/klinikum-darmstadt.de\/fileadmin\/user_upload\/user_upload\/Energiesparfibel_webkorr.pdf\" target=\"_blank\" rel=\"noopener\">Guida al risparmio energetico dell'Ospedale di Darmstadt<\/a><\/p><p><a href=\"https:\/\/agderma.de\/wp-content\/uploads\/2023\/02\/Oeffentlichkeistarbeit-an-Kliniken.pdf\">Relazioni pubbliche\u00a0<\/a><\/p><p><a href=\"https:\/\/agderma.de\/wp-content\/uploads\/2023\/03\/cfh_praxisleitfaden_klimatransformation_im_krankenhaus.pdf\">Guida pratica alla trasformazione climatica negli ospedali (Havelh\u00f6he)<\/a><\/p><p><a href=\"https:\/\/www.ifeu.de\/nachrichtenarchiv\/treibhausgasbilanz-fuer-gesundheitsinstitutionen-klimeg-rechner-jetzt-online\" target=\"_blank\" rel=\"noopener\">Calcolo del bilancio dei gas serra per gli ospedali (KliMeG)<\/a><\/p><\/div>\n\t\t\t\t<\/div>\n\t\t\t\t\t\t\t\t<\/div>\n\t\t\t\t\t\t<\/div>\n\t\t\t\t<\/div>\n\t\t\t\t<\/div>\n\t\t\t\t\t<\/div>\n\t\t\t\t<\/div>\n\t\t<div class=\"elementor-element elementor-element-acaaf0c e-flex e-con-boxed e-con e-parent\" data-id=\"acaaf0c\" data-element_type=\"container\" data-e-type=\"container\">\n\t\t\t\t\t<div class=\"e-con-inner\">\n\t\t\t\t<div class=\"elementor-element elementor-element-b09d95f elementor-widget elementor-widget-heading\" data-id=\"b09d95f\" data-element_type=\"widget\" data-e-type=\"widget\" data-widget_type=\"heading.default\">\n\t\t\t\t<div class=\"elementor-widget-container\">\n\t\t\t\t\t<h2 class=\"elementor-heading-title elementor-size-default\">Perch\u00e9 la gestione sostenibile delle cliniche \u00e8 importante?<\/h2>\t\t\t\t<\/div>\n\t\t\t\t<\/div>\n\t\t\t\t<div class=\"elementor-element elementor-element-25fa55d elementor-widget elementor-widget-text-editor\" data-id=\"25fa55d\" data-element_type=\"widget\" data-e-type=\"widget\" data-widget_type=\"text-editor.default\">\n\t\t\t\t<div class=\"elementor-widget-container\">\n\t\t\t\t\t\t\t\t\t<p>Il sistema sanitario tedesco \u00e8 responsabile di circa 5 % di emissioni di gas serra. Oltre all'anidride carbonica (CO2) come gas a effetto serra, i seguenti elementi in particolare giocano un ruolo nella clinica <a href=\"https:\/\/agderma.de\/it\/argomenti\/dosaggio-degli-aerosol-terapia-rilevante-per-il-clima\/\">Anestetici per inalazione<\/a>\u00a0giocano un ruolo decisivo. Alcuni di essi contengono idrocarburi fluorurati e non solo sono difficili da degradare, ma sono fino a 18 volte pi\u00f9 potenti della CO2. Inoltre, le catene di approvvigionamento in particolare, ma anche il consumo di energia e l'eccessiva prescrizione di farmaci e misure diagnostiche, sono importanti per le elevate emissioni di gas serra. A\u00a0<a href=\"https:\/\/www.klik-krankenhaus.de\/startseite\" target=\"_blank\" rel=\"noopener\">Progetto Verde KLIK<\/a>\u00a0di BUND e.V., un progetto sulla gestione ospedaliera sostenibile, 250 ospedali hanno partecipato nel 2021. \u00c8 stato dimostrato che l'introduzione delle misure sostenibili in molte aree non solo ha portato a un notevole risparmio di energia e di risorse, pari a circa 200.000 tonnellate di gas serra, ma anche a un significativo risparmio sui costi per tutti gli ospedali partecipanti. A\u00a0<a href=\"https:\/\/www.ncbi.nlm.nih.gov\/pmc\/articles\/PMC4513229\/\" target=\"_blank\" rel=\"noopener\">Studio condotto dalla Harvard T.H. Chan School of Public Health di Boston (USA).<\/a>\u00a0ha gi\u00e0 dimostrato nel 2015 che la soddisfazione dei pazienti e dei dipendenti pu\u00f2 essere aumentata e la mortalit\u00e0 dei pazienti ridotta con infrastrutture edilizie sostenibili.<\/p><p>A\u00a0<a href=\"https:\/\/www.kgnw.de\/download\/wuppertal-institut-zielbild-klimaneutrales-krankenhaus-2022-03-30\" target=\"_blank\" rel=\"noopener\">L'opinione degli esperti<\/a>\u00a0commissionato dall'Associazione Ospedaliera del Nord Reno-Westfalia, cita l'introduzione della gestione della protezione del clima come un primo passo importante. In un piano d'azione concreto, il rapporto mostra come gli ospedali possono diventare neutrali dal punto di vista climatico entro il 2030.\u00a0<\/p><p><strong>Si raccomandano i seguenti primi passi sulla strada della sostenibilit\u00e0:<\/strong><\/p><ul><li><p><a href=\"https:\/\/www.uniklinik-freiburg.de\/allgemeinmedizin\/cafoges.html\" target=\"_blank\" rel=\"noopener\">Calcolo dell'impronta di carbonio dell'ospedale<\/a><\/p><\/li><li><p>Istituire dei responsabili del clima\/un team interdisciplinare che si occupi dell'implementazione delle misure di sostenibilit\u00e0.<\/p><\/li><li><p>Prime misure: Introduzione di misure a bassa soglia, come il risparmio di carta attraverso la stampa fronte\/retro, la separazione dei rifiuti, la riduzione della plastica e la minimizzazione dell'energia.<\/p><\/li><li><p>In consultazione con la direzione, se possibile, introdurre una gestione professionale della protezione del clima.<\/p><\/li><li><p>Revisione tempestiva dell'edificio della clinica per le opzioni di ristrutturazione energetica (ad esempio, tetti, edifici e finestre), in quanto sono costose e richiedono una pianificazione, ma offrono le maggiori opportunit\u00e0 di risparmio di CO2 a lungo termine.<\/p><\/li><\/ul><p>Ulteriori informazioni e possibilit\u00e0 di azione per le cliniche si trovano sul sito\u00a0<a href=\"https:\/\/www.klik-krankenhaus.de\/klik-datenbank\/informationen-zur-klik-datenbank\" target=\"_blank\" rel=\"noopener\">Database pubblico del progetto KLIK Green<\/a>\u00a0di BUND e.V. pu\u00f2 essere visualizzato.<\/p><p><strong>Opportunit\u00e0 di finanziamento<br \/><\/strong>Alcune misure, come le energie rinnovabili, la mobilit\u00e0 o la conversione, sono finanziabili. Trover\u00e0 numerose opportunit\u00e0 di finanziamento per le misure sostenibili, ad esempio\u00a0<a href=\"https:\/\/www.foerderdatenbank.de\/FDB\/DE\/Home\/home.html\" target=\"_blank\" rel=\"noopener\">qui<\/a>.<\/p><p>\u00a0<strong>Misure di formazione<\/strong><\/p><ul><li><p>Il\u00a0<a href=\"https:\/\/www.klimawandel-gesundheit.de\/institutionen-und-initiativen\/planetary-health-academy\/\" target=\"_blank\" rel=\"noopener\">Accademia della Salute Planetaria dell'Alleanza Cambiamento Climatico e Salute (KLUG e.V.)<\/a>\u00a0offre una serie di conferenze gratuite sulla trasformazione del settore sanitario, tenute da accademici di fama internazionale. In parte in inglese.\u00a0<\/p><\/li><li><p><a href=\"https:\/\/eur.nursesclimatechallenge.org\/de\" target=\"_blank\" rel=\"noopener\">Infermieri Sfida per il clima Europa<\/a>\u00a0offre un portale di formazione continua in lingua tedesca e inglese per i caregiver di\u00a0<a href=\"https:\/\/noharm-europe.org\/\" target=\"_blank\" rel=\"noopener\">Assistenza sanitaria senza danni<\/a>\u00a0dar.<\/p><\/li><li><p><a href=\"https:\/\/agderma.de\/wp-content\/uploads\/2023\/02\/e99956_fa7a6cea6ef14afcb7dcc766ded624c6.pdf\">Seminari online<\/a>\u00a0per gli assistenti medici sul tema della sostenibilit\u00e0 sono offerti dalla\u00a0<a href=\"https:\/\/www.mfa-akademie.com\/\" target=\"_blank\" rel=\"noopener\">Accademia Dermatologica MFA<\/a>\u00a0offerto.<\/p><\/li><li><p><a href=\"https:\/\/projekt.klimaretter-lebensretter.de\/das-projekt\/ueber-das-projekt\/\" target=\"_blank\" rel=\"noopener\">Progetto Salvavita Climate Savers<\/a>Uno strumento di competizione per ospedali e strutture ambulatoriali. Mostra la quantit\u00e0 di CO2 di gas serra che ogni team o individuo risparmia con misure sostenibili.<\/p><\/li><\/ul>\t\t\t\t\t\t\t\t<\/div>\n\t\t\t\t<\/div>\n\t\t\t\t<div class=\"elementor-element elementor-element-f0eb642 elementor-position-inline-start elementor-view-default elementor-mobile-position-block-start elementor-widget elementor-widget-icon-box\" data-id=\"f0eb642\" data-element_type=\"widget\" data-e-type=\"widget\" data-widget_type=\"icon-box.default\">\n\t\t\t\t<div class=\"elementor-widget-container\">\n\t\t\t\t\t\t\t<div class=\"elementor-icon-box-wrapper\">\n\n\t\t\t\t\t\t<div class=\"elementor-icon-box-icon\">\n\t\t\t\t<a href=\"https:\/\/agderma.de\/it\/contatto\/\" class=\"elementor-icon\" tabindex=\"-1\" aria-label=\"Richieste di argomenti o suggerimenti?\">\n\t\t\t\t<i aria-hidden=\"true\" class=\"fas fa-question-circle\"><\/i>\t\t\t\t<\/a>\n\t\t\t<\/div>\n\t\t\t\n\t\t\t\t\t\t<div class=\"elementor-icon-box-content\">\n\n\t\t\t\t\t\t\t\t\t<h3 class=\"elementor-icon-box-title\">\n\t\t\t\t\t\t<a href=\"https:\/\/agderma.de\/it\/contatto\/\">\n\t\t\t\t\t\t\tRichieste di argomenti o suggerimenti?\t\t\t\t\t\t<\/a>\n\t\t\t\t\t<\/h3>\n\t\t\t\t\n\t\t\t\t\t\t\t\t\t<p class=\"elementor-icon-box-description\">\n\t\t\t\t\t\tDesidera saperne di pi\u00f9 su un determinato argomento, ma non ha ancora trovato informazioni in merito? Oppure desidera segnalarci delle correzioni? Non esiti a contattarci.\n<br><br>\n<a href=\"https:\/\/agderma.de\/it\/contatto\/\" class=\"elementor-button-link elementor-button elementor-size-sm\" role=\"button\"><span class=\"elementor-button-content-wrapper\">&lt;span class=&quot;elementor-button-icon elementor-align-icon-right&quot; <i aria-hidden=\"true\">\t\t\t<\/span>\n<span class=\"elementor-button-text\">Contatto<\/span>\n\t\t<\/span>.\n\t\t\t\t<\/a>\t\t\t\t\t<\/p>\n\t\t\t\t\n\t\t\t<\/div>\n\t\t\t\n\t\t<\/div>\n\t\t\t\t\t\t<\/div>\n\t\t\t\t<\/div>\n\t\t\t\t\t<\/div>\n\t\t\t\t<\/div>\n\t\t\t\t<\/div>","protected":false},"excerpt":{"rendered":"<p>Bew\u00e4hrte aktuelle Tipps zur Umsetzung nachhaltiger Ma\u00dfnahmen in Ihrer Klinik Aktionspl\u00e4ne f\u00fcr Kliniken Energiesparfibel des Klinikums Darmstadt \u00d6ffentlichkeitsarbeit\u00a0 Praxisleitfaden zur Klimatransformation in Krankenh\u00e4usern (Havelh\u00f6he) Treibhausgasbilanz f\u00fcr Krankenh\u00e4user berechnen (KliMeG) Warum ist nachhaltiges Klinikmanagement wichtig? Das deutsche Gesundheitssystem ist f\u00fcr ca. 5 % der Treibhausgasemissionen verantwortlich. In der Klinik spielen neben Kohlendioxid (CO2) als Treibhausgase insbesondere [&hellip;]<\/p>\n","protected":false},"author":1,"featured_media":0,"parent":0,"menu_order":0,"comment_status":"closed","ping_status":"closed","template":"","meta":{"_acf_changed":false,"footnotes":""},"class_list":["post-33","page","type-page","status-publish","hentry"],"acf":[],"_links":{"self":[{"href":"https:\/\/agderma.de\/it\/wp-json\/wp\/v2\/pages\/33","targetHints":{"allow":["GET"]}}],"collection":[{"href":"https:\/\/agderma.de\/it\/wp-json\/wp\/v2\/pages"}],"about":[{"href":"https:\/\/agderma.de\/it\/wp-json\/wp\/v2\/types\/page"}],"author":[{"embeddable":true,"href":"https:\/\/agderma.de\/it\/wp-json\/wp\/v2\/users\/1"}],"replies":[{"embeddable":true,"href":"https:\/\/agderma.de\/it\/wp-json\/wp\/v2\/comments?post=33"}],"version-history":[{"count":16,"href":"https:\/\/agderma.de\/it\/wp-json\/wp\/v2\/pages\/33\/revisions"}],"predecessor-version":[{"id":5474,"href":"https:\/\/agderma.de\/it\/wp-json\/wp\/v2\/pages\/33\/revisions\/5474"}],"wp:attachment":[{"href":"https:\/\/agderma.de\/it\/wp-json\/wp\/v2\/media?parent=33"}],"curies":[{"name":"wp","href":"https:\/\/api.w.org\/{rel}","templated":true}]}}