{"id":5138,"date":"2024-04-17T05:33:13","date_gmt":"2024-04-17T05:33:13","guid":{"rendered":"https:\/\/agderma.de\/?page_id=5138"},"modified":"2024-04-17T05:41:09","modified_gmt":"2024-04-17T05:41:09","slug":"articolo-dei-documenti-sul-clima-per-lagn","status":"publish","type":"page","link":"https:\/\/agderma.de\/it\/themen\/artikel-der-klimadocs-fuer-die-agn\/","title":{"rendered":"Articoli dei KlimaDocs per l'AGN"},"content":{"rendered":"<div data-elementor-type=\"wp-page\" data-elementor-id=\"5138\" class=\"elementor elementor-5138\" data-elementor-post-type=\"page\">\n\t\t\t\t<div class=\"elementor-element elementor-element-3d478ea e-flex e-con-boxed e-con e-parent\" data-id=\"3d478ea\" data-element_type=\"container\" data-e-type=\"container\" data-settings=\"{&quot;background_background&quot;:&quot;classic&quot;}\">\n\t\t\t\t\t<div class=\"e-con-inner\">\n\t\t\t\t<div class=\"elementor-element elementor-element-3d3f871 elementor-widget elementor-widget-heading\" data-id=\"3d3f871\" data-element_type=\"widget\" data-e-type=\"widget\" data-widget_type=\"heading.default\">\n\t\t\t\t<div class=\"elementor-widget-container\">\n\t\t\t\t\t<h1 class=\"elementor-heading-title elementor-size-default\">Articoli dei KlimaDocs per l'AGN<\/h1>\t\t\t\t<\/div>\n\t\t\t\t<\/div>\n\t\t\t\t\t<\/div>\n\t\t\t\t<\/div>\n\t\t<div class=\"elementor-element elementor-element-2179231 e-flex e-con-boxed e-con e-parent\" data-id=\"2179231\" data-element_type=\"container\" data-e-type=\"container\">\n\t\t\t\t\t<div class=\"e-con-inner\">\n\t\t\t\t<div class=\"elementor-element elementor-element-3c12a81 elementor-widget elementor-widget-text-editor\" data-id=\"3c12a81\" data-element_type=\"widget\" data-e-type=\"widget\" data-widget_type=\"text-editor.default\">\n\t\t\t\t<div class=\"elementor-widget-container\">\n\t\t\t\t\t\t\t\t\t<p>Dal punto di vista medico, la protezione del clima \u00e8 prima di tutto una protezione della salute. I KlimaDocs spiegano come le persone possono contribuire a contrastare il cambiamento climatico e a proteggere la propria salute allo stesso tempo. La visione della nostra associazione no-profit \u00e8 quella di portare il tema \"Pi\u00f9 salute attraverso la protezione del clima\" al centro del discorso sociale, al fine di avviare un cambiamento di pensiero e di comportamento.<\/p><p>A tal fine, vorremmo incoraggiare i medici e gli altri membri del sistema sanitario di studi e cliniche ad agire come moltiplicatori per educare i loro pazienti sui benefici per la salute di un comportamento rispettoso del clima (i cosiddetti co-benefici). Questo perch\u00e9 godiamo di una grande fiducia da parte dei nostri pazienti e raggiungiamo tutti nella societ\u00e0.<\/p><p><strong>Il nostro messaggio: <\/strong>Secondo l'OMS, le misure di protezione del clima sono attualmente la cosa pi\u00f9 importante che possiamo fare per la nostra salute. Ogni individuo pu\u00f2 dare un contributo importante. Non si tratta di fare a meno, ma di cambiare in meglio.<\/p><p>A questo scopo, forniamo agli studi e alle cliniche un'offerta attraente e <strong>Materiale informativo fondato <\/strong>per sostenerla in questo compito. Il materiale \u00e8 stato creato in collaborazione con le associazioni professionali e gli esperti di comunicazione sanitaria e comprende stampa, opuscoli e articoli digitali, un pulsante per il sito web, poster per la sala d'attesa e 2 brevi filmati per la sala d'attesa o il sito web, oltre a biglietti d'appuntamento. Pu\u00f2 essere messo a disposizione nella sala d'attesa senza richiedere tempo aggiuntivo o distribuito di persona, ad esempio durante le visite di controllo. I suoi pazienti riceveranno cos\u00ec consigli semplici e facili da attuare, che potranno utilizzare per fare qualcosa di buono per la loro salute, per il prossimo e per il clima.<\/p><p><strong>\u00c8 un medico o un membro di altre professioni sanitarie? <\/strong>Pu\u00f2 ordinare i nostri materiali gratuiti tramite <a href=\"http:\/\/www.klimadocs.de\" target=\"_blank\" rel=\"noopener\">www.klimadocs.de<\/a> possono essere ordinati. Lei stesso diventa automaticamente un KlimaDoc, ma non assume ulteriori obblighi come l'iscrizione o simili.<\/p><p>Si lasci coinvolgere, perch\u00e9 il futuro non si limita ad accadere - lo plasmiamo con le nostre azioni!<\/p>\t\t\t\t\t\t\t\t<\/div>\n\t\t\t\t<\/div>\n\t\t\t\t\t<\/div>\n\t\t\t\t<\/div>\n\t\t\t\t<\/div>","protected":false},"excerpt":{"rendered":"<p>Aus medizinischer Sicht ist Klimaschutz zuallererst Gesundheitsschutz. Wie die Menschen dazu beitragen k\u00f6nnen, dem Klimawandel entgegenzuwirken und dadurch zugleich ihre eigene\u00a0 Gesundheit sch\u00fctzen, dar\u00fcber kl\u00e4ren die KlimaDocs auf. Die Vision unseres gemeinn\u00fctzigen Vereins ist, das Thema \u201eMehr Gesundheit durch Klimaschutz\u201c in die Mitte des gesellschaftlichen Diskurses zu bringen, um so ein Umdenken sowie Verhaltens\u00e4nderungen anzusto\u00dfen. [&hellip;]<\/p>\n","protected":false},"author":1,"featured_media":0,"parent":1142,"menu_order":0,"comment_status":"closed","ping_status":"closed","template":"","meta":{"_acf_changed":false,"footnotes":""},"class_list":["post-5138","page","type-page","status-publish","hentry"],"acf":[],"_links":{"self":[{"href":"https:\/\/agderma.de\/it\/wp-json\/wp\/v2\/pages\/5138","targetHints":{"allow":["GET"]}}],"collection":[{"href":"https:\/\/agderma.de\/it\/wp-json\/wp\/v2\/pages"}],"about":[{"href":"https:\/\/agderma.de\/it\/wp-json\/wp\/v2\/types\/page"}],"author":[{"embeddable":true,"href":"https:\/\/agderma.de\/it\/wp-json\/wp\/v2\/users\/1"}],"replies":[{"embeddable":true,"href":"https:\/\/agderma.de\/it\/wp-json\/wp\/v2\/comments?post=5138"}],"version-history":[{"count":9,"href":"https:\/\/agderma.de\/it\/wp-json\/wp\/v2\/pages\/5138\/revisions"}],"predecessor-version":[{"id":5154,"href":"https:\/\/agderma.de\/it\/wp-json\/wp\/v2\/pages\/5138\/revisions\/5154"}],"up":[{"embeddable":true,"href":"https:\/\/agderma.de\/it\/wp-json\/wp\/v2\/pages\/1142"}],"wp:attachment":[{"href":"https:\/\/agderma.de\/it\/wp-json\/wp\/v2\/media?parent=5138"}],"curies":[{"name":"wp","href":"https:\/\/api.w.org\/{rel}","templated":true}]}}