{"id":5663,"date":"2025-03-28T14:38:52","date_gmt":"2025-03-28T14:38:52","guid":{"rendered":"https:\/\/agderma.de\/?page_id=5663"},"modified":"2025-03-28T14:41:51","modified_gmt":"2025-03-28T14:41:51","slug":"il-volantino-fa-bene-al-clima-e-fa-bene-due-volte-a-me","status":"publish","type":"page","link":"https:\/\/agderma.de\/it\/themen\/flyer-gut-fuer-das-klima-doppelt-gut-fuer-mich\/","title":{"rendered":"Volantino \"Buono per il clima - due volte pi\u00f9 buono per me\""},"content":{"rendered":"<div data-elementor-type=\"wp-page\" data-elementor-id=\"5663\" class=\"elementor elementor-5663\" data-elementor-post-type=\"page\">\n\t\t\t\t<div class=\"elementor-element elementor-element-3d478ea e-flex e-con-boxed e-con e-parent\" data-id=\"3d478ea\" data-element_type=\"container\" data-e-type=\"container\" data-settings=\"{&quot;background_background&quot;:&quot;classic&quot;}\">\n\t\t\t\t\t<div class=\"e-con-inner\">\n\t\t\t\t<div class=\"elementor-element elementor-element-3d3f871 elementor-widget elementor-widget-heading\" data-id=\"3d3f871\" data-element_type=\"widget\" data-e-type=\"widget\" data-widget_type=\"heading.default\">\n\t\t\t\t<div class=\"elementor-widget-container\">\n\t\t\t\t\t<h1 class=\"elementor-heading-title elementor-size-default\">Volantino \"Buono per il clima - due volte pi\u00f9 buono per me\"<\/h1>\t\t\t\t<\/div>\n\t\t\t\t<\/div>\n\t\t\t\t\t<\/div>\n\t\t\t\t<\/div>\n\t\t<div class=\"elementor-element elementor-element-2179231 e-flex e-con-boxed e-con e-parent\" data-id=\"2179231\" data-element_type=\"container\" data-e-type=\"container\">\n\t\t\t\t\t<div class=\"e-con-inner\">\n\t\t\t\t<div class=\"elementor-element elementor-element-3c12a81 elementor-widget elementor-widget-text-editor\" data-id=\"3c12a81\" data-element_type=\"widget\" data-e-type=\"widget\" data-widget_type=\"text-editor.default\">\n\t\t\t\t<div class=\"elementor-widget-container\">\n\t\t\t\t\t\t\t\t\t<div class=\"elementToProof\">Il nuovo volantino di KlimaDocs e.V. \u00e8 arrivato! In collaborazione con il KLUG - Alleanza per il Cambiamento Climatico e la Salute, l'Associazione dei Medici di Medicina Generale (H\u00c4V) e l'Istituto Federale di Sanit\u00e0 Pubblica (BI\u00d6G), \u00e8 stato realizzato un volantino compatto basato sugli ultimi risultati della ricerca sulla comunicazione climatica. Offre consigli pratici per promuovere la salute attraverso un comportamento rispettoso del clima. La versione rivista contiene ulteriori raccomandazioni sull'alimentazione, la mobilit\u00e0 e l'uso di energie rinnovabili. Il nuovo materiale informativo \u00e8 particolarmente adatto agli studi medici, ai terapeuti, agli assistenti e al servizio sanitario pubblico. Pu\u00f2 ordinare gratuitamente il volantino e il materiale informativo tramite il nostro sito web o consultarlo online:\u00a0<strong><a id=\"OWAfe4a4d1d-24e1-ad2b-3d64-3a6655162950\" class=\"x_OWAAutoLink\" href=\"https:\/\/klimadocs.de\/mehr-gesundheit-durch-klimaschutz\" target=\"_blank\" rel=\"noopener\" data-linkindex=\"0\" data-auth=\"NotApplicable\">Volantino generale KlimaDocs<\/a><\/strong><\/div><div>\u00a0<\/div><div class=\"elementToProof\"><u>Membri<\/u><\/div><div class=\"elementToProof\">Sostenga KlimaDocs e.V. con un'adesione come sponsor e contribuisca attivamente alla promozione della salute attraverso la protezione del clima. Con un contributo annuale di 100 euro (ridotto per i membri del KLUG), contribuir\u00e0 a fornire i progetti di KlimaDocs e.V. e materiali gratuiti. In qualit\u00e0 di socio sostenitore, ricever\u00e0 regolarmente informazioni sulle novit\u00e0 e sui progetti attuali dell'organizzazione. Ulteriori dettagli e la possibilit\u00e0 di registrarsi sono disponibili sul sito\u00a0<a id=\"LPlnk381161\" href=\"https:\/\/klimadocs.de\/mitglied-werden\" target=\"_blank\" rel=\"noopener\">Sito web<\/a>\u00a0di KlimaDocs e.V.\u00a0<\/div>\t\t\t\t\t\t\t\t<\/div>\n\t\t\t\t<\/div>\n\t\t\t\t\t<\/div>\n\t\t\t\t<\/div>\n\t\t\t\t<\/div>","protected":false},"excerpt":{"rendered":"<p>Der neue Flyer des KlimaDocs e.V. ist da! In Zusammenarbeit mit KLUG \u2013 Allianz f\u00fcr Klimawandel und Gesundheit, dem Haus\u00e4rzt:innen- und Haus\u00e4rzteverband (H\u00c4V) sowie dem Bundesinstitut f\u00fcr \u00d6ffentliche Gesundheit (BI\u00d6G) wurde ein kompaktes Faltblatt erstellt, der auf aktuellen Erkenntnissen der Klimakommunikationsforschung basiert. Er bietet praktische Tipps zur F\u00f6rderung der Gesundheit durch klimafreundliches Verhalten. Die \u00fcberarbeitete [&hellip;]<\/p>\n","protected":false},"author":1,"featured_media":0,"parent":1142,"menu_order":0,"comment_status":"closed","ping_status":"closed","template":"","meta":{"_acf_changed":false,"footnotes":""},"class_list":["post-5663","page","type-page","status-publish","hentry"],"acf":[],"_links":{"self":[{"href":"https:\/\/agderma.de\/it\/wp-json\/wp\/v2\/pages\/5663","targetHints":{"allow":["GET"]}}],"collection":[{"href":"https:\/\/agderma.de\/it\/wp-json\/wp\/v2\/pages"}],"about":[{"href":"https:\/\/agderma.de\/it\/wp-json\/wp\/v2\/types\/page"}],"author":[{"embeddable":true,"href":"https:\/\/agderma.de\/it\/wp-json\/wp\/v2\/users\/1"}],"replies":[{"embeddable":true,"href":"https:\/\/agderma.de\/it\/wp-json\/wp\/v2\/comments?post=5663"}],"version-history":[{"count":4,"href":"https:\/\/agderma.de\/it\/wp-json\/wp\/v2\/pages\/5663\/revisions"}],"predecessor-version":[{"id":5667,"href":"https:\/\/agderma.de\/it\/wp-json\/wp\/v2\/pages\/5663\/revisions\/5667"}],"up":[{"embeddable":true,"href":"https:\/\/agderma.de\/it\/wp-json\/wp\/v2\/pages\/1142"}],"wp:attachment":[{"href":"https:\/\/agderma.de\/it\/wp-json\/wp\/v2\/media?parent=5663"}],"curies":[{"name":"wp","href":"https:\/\/api.w.org\/{rel}","templated":true}]}}