{"id":5837,"date":"2026-02-18T20:49:35","date_gmt":"2026-02-18T20:49:35","guid":{"rendered":"https:\/\/agderma.de\/?page_id=5837"},"modified":"2026-02-18T21:09:06","modified_gmt":"2026-02-18T21:09:06","slug":"information","status":"publish","type":"page","link":"https:\/\/agderma.de\/it\/","title":{"rendered":"Informazioni"},"content":{"rendered":"<div data-elementor-type=\"wp-page\" data-elementor-id=\"5837\" class=\"elementor elementor-5837\" data-elementor-post-type=\"page\">\n\t\t\t\t<div class=\"elementor-element elementor-element-00b0ece e-flex e-con-boxed e-con e-parent\" data-id=\"00b0ece\" data-element_type=\"container\" data-e-type=\"container\">\n\t\t\t\t\t<div class=\"e-con-inner\">\n\t\t<div class=\"elementor-element elementor-element-3a530a8 e-con-full e-flex e-con e-child\" data-id=\"3a530a8\" data-element_type=\"container\" data-e-type=\"container\" data-settings=\"{&quot;background_background&quot;:&quot;classic&quot;}\">\n\t\t<div class=\"elementor-element elementor-element-2451754 e-con-full e-flex e-con e-child\" data-id=\"2451754\" data-element_type=\"container\" data-e-type=\"container\">\n\t\t\t\t<div class=\"elementor-element elementor-element-92d237e elementor-widget elementor-widget-heading\" data-id=\"92d237e\" data-element_type=\"widget\" data-e-type=\"widget\" data-widget_type=\"heading.default\">\n\t\t\t\t<div class=\"elementor-widget-container\">\n\t\t\t\t\t<h2 class=\"elementor-heading-title elementor-size-default\">Annuncio sul riallineamento organizzativo del Gruppo di lavoro sulla sostenibilit\u00e0 in dermatologia (AGN) e.V.<\/h2>\t\t\t\t<\/div>\n\t\t\t\t<\/div>\n\t\t\t\t<div class=\"elementor-element elementor-element-40b0318 elementor-widget elementor-widget-text-editor\" data-id=\"40b0318\" data-element_type=\"widget\" data-e-type=\"widget\" data-widget_type=\"text-editor.default\">\n\t\t\t\t<div class=\"elementor-widget-container\">\n\t\t\t\t\t\t\t\t\t<p><span style=\"font-weight: 400;\">Il 19 febbraio 2026, l'Arbeitsgemeinschaft Nachhaltigkeit in der Dermatologie (AGN) e.V. sar\u00e0 ufficialmente sciolta. Nell'ambito di un riorientamento strategico, ci uniremo all'associazione <a href=\"https:\/\/www.klimawandel-gesundheit.de\/\" target=\"_blank\" rel=\"noopener\">KLUG - Alleanza tedesca per il cambiamento climatico e la salute e.V.<\/a> su. L\u00ec saremo <a href=\"https:\/\/www.klimawandel-gesundheit.de\/klug-unterstuetzen\/aktiv-werden\/klug-arbeitsgruppen\/arbeitsgruppe-dermatologie\/\" target=\"_blank\" rel=\"noopener\">AG Dermatologia<\/a><\/span> <span style=\"font-weight: 400;\">Continueremo il nostro lavoro e resteremo impegnati sui nostri temi a favore di un approccio ecologico alla dermatologia. Tutti i materiali che abbiamo sviluppato finora saranno pubblicati dal KLUG e dalle sue <a href=\"https:\/\/klimeg.de\/qm-vorlagen\/\" target=\"_blank\" rel=\"noopener\">Centro di competenza per la medicina e le strutture sanitarie resilienti al clima (KliMeG)<\/a> e sar\u00e0 disponibile l\u00ec - come sempre - gratuitamente.<\/span><\/p><p><span style=\"font-weight: 400;\">I nostri ringraziamenti speciali vanno alla Societ\u00e0 Dermatologica Tedesca<\/span> <span style=\"font-weight: 400;\">cos\u00ec come tutti i partner, i soci e gli sponsor che ci hanno accompagnato e sostenuto nel corso degli anni. Il loro impegno \u00e8 stato fondamentale per il successo della nostra iniziativa fino ad oggi.<\/span><\/p><p><span style=\"font-weight: 400;\">Ci auguriamo di continuare a darle il benvenuto al KLUG e di lavorare insieme per un futuro rispettoso del clima per il settore sanitario.<\/span><\/p><p><span style=\"font-weight: 400;\">Cordiali saluti<\/span><\/p><p><span style=\"font-weight: 400;\">Il suo team della Dermatologia AG al KLUG<\/span><\/p>\t\t\t\t\t\t\t\t<\/div>\n\t\t\t\t<\/div>\n\t\t\t\t<\/div>\n\t\t<div class=\"elementor-element elementor-element-27a7fcc e-con-full e-flex e-con e-child\" data-id=\"27a7fcc\" data-element_type=\"container\" data-e-type=\"container\">\n\t\t\t\t<div class=\"elementor-element elementor-element-4e3894c elementor-widget elementor-widget-image\" data-id=\"4e3894c\" data-element_type=\"widget\" data-e-type=\"widget\" data-widget_type=\"image.default\">\n\t\t\t\t<div class=\"elementor-widget-container\">\n\t\t\t\t\t\t\t\t\t\t\t\t\t\t\t<img fetchpriority=\"high\" decoding=\"async\" width=\"303\" height=\"525\" src=\"https:\/\/agderma.de\/wp-content\/uploads\/2023\/04\/undraw_love_it_3km3.svg\" class=\"attachment-large size-large wp-image-4021\" alt=\"\" \/>\t\t\t\t\t\t\t\t\t\t\t\t\t\t\t<\/div>\n\t\t\t\t<\/div>\n\t\t\t\t<\/div>\n\t\t\t\t<\/div>\n\t\t\t\t\t<\/div>\n\t\t\t\t<\/div>\n\t\t\t\t<\/div>","protected":false},"excerpt":{"rendered":"<p>Mitteilung zur organisatorischen Neuausrichtung der Arbeitsgemeinschaft Nachhaltigkeit in der Dermatologie (AGN) e.V. Am 19. Februar 2026 wird die Arbeitsgemeinschaft Nachhaltigkeit in der Dermatologie (AGN) e.V. offiziell aufgel\u00f6st. Im Rahmen einer strategischen Neuausrichtung schlie\u00dfen wir uns dem Verein KLUG &#8211; Deutsche Allianz f\u00fcr Klimawandel und Gesundheit e.V. an. Dort werden wir als AG Dermatologie unsere Arbeit [&hellip;]<\/p>\n","protected":false},"author":1,"featured_media":0,"parent":0,"menu_order":0,"comment_status":"closed","ping_status":"closed","template":"elementor_canvas","meta":{"_acf_changed":false,"footnotes":""},"class_list":["post-5837","page","type-page","status-publish","hentry"],"acf":[],"_links":{"self":[{"href":"https:\/\/agderma.de\/it\/wp-json\/wp\/v2\/pages\/5837","targetHints":{"allow":["GET"]}}],"collection":[{"href":"https:\/\/agderma.de\/it\/wp-json\/wp\/v2\/pages"}],"about":[{"href":"https:\/\/agderma.de\/it\/wp-json\/wp\/v2\/types\/page"}],"author":[{"embeddable":true,"href":"https:\/\/agderma.de\/it\/wp-json\/wp\/v2\/users\/1"}],"replies":[{"embeddable":true,"href":"https:\/\/agderma.de\/it\/wp-json\/wp\/v2\/comments?post=5837"}],"version-history":[{"count":7,"href":"https:\/\/agderma.de\/it\/wp-json\/wp\/v2\/pages\/5837\/revisions"}],"predecessor-version":[{"id":5845,"href":"https:\/\/agderma.de\/it\/wp-json\/wp\/v2\/pages\/5837\/revisions\/5845"}],"wp:attachment":[{"href":"https:\/\/agderma.de\/it\/wp-json\/wp\/v2\/media?parent=5837"}],"curies":[{"name":"wp","href":"https:\/\/api.w.org\/{rel}","templated":true}]}}